{"id":943,"date":"2013-04-03T10:00:37","date_gmt":"2013-04-03T09:00:37","guid":{"rendered":"http:\/\/www.kraenku.se\/test\/?page_id=943"},"modified":"2024-11-20T10:58:54","modified_gmt":"2024-11-20T09:58:54","slug":"egnablandningar","status":"publish","type":"page","link":"https:\/\/www.kraenku.se\/test\/te\/egnablandningar\/","title":{"rendered":"V\u00e5ra egna teblandningar"},"content":{"rendered":"<p><a href=\"http:\/\/www.kraenku.se\/test\/shop\/egna-teblandningar\"><img loading=\"lazy\" decoding=\"async\" class=\"aligncenter wp-image-5475 size-full\" src=\"https:\/\/www.kraenku.se\/test\/wp-content\/uploads\/Va\u030ara-egna-teblandninga-2024.png\" alt=\"Kr\u00e4nkus teblandningar\" width=\"1000\" height=\"360\" srcset=\"https:\/\/www.kraenku.se\/test\/wp-content\/uploads\/Va\u030ara-egna-teblandninga-2024.png 1000w, https:\/\/www.kraenku.se\/test\/wp-content\/uploads\/Va\u030ara-egna-teblandninga-2024-300x108.png 300w, https:\/\/www.kraenku.se\/test\/wp-content\/uploads\/Va\u030ara-egna-teblandninga-2024-768x276.png 768w\" sizes=\"auto, (max-width: 1000px) 100vw, 1000px\" \/><\/a><\/p>\n<p style=\"text-align: center;\"><a href=\"http:\/\/www.kraenku.se\/test\/shop\/egna-teblandningar\"><strong><em>Klicka p\u00e5 bilden ovanf\u00f6r f\u00f6r att se aktuellt sortiment i v\u00e5r webbshop.\u00a0<\/em><\/strong><\/a><\/p>\n<p>Sen 1977 har det blivit drygt 40 egna teblandningar som vi blandar och packar f\u00f6r hand mitt i hj\u00e4rtat av v\u00e4rldsarvsstaden Visby. Alla blandningar har namn, dofter, smaker, inspiration och illustrationer som f\u00f6r tankarna till v\u00e5r vackra \u00f6 och f\u00e5r dig att uppleva Gotland \u00e5ret runt.<\/p>\n","protected":false},"excerpt":{"rendered":"<p>Klicka p\u00e5 bilden ovanf\u00f6r f\u00f6r att se aktuellt sortiment i v\u00e5r webbshop.\u00a0 Sen 1977 har det blivit drygt 40 egna teblandningar som vi blandar och packar f\u00f6r hand mitt i hj\u00e4rtat av v\u00e4rldsarvsstaden Visby. Alla blandningar har namn, dofter, smaker, inspiration och illustrationer som f\u00f6r tankarna till v\u00e5r vackra \u00f6 och f\u00e5r dig att uppleva&#8230;&nbsp;<a href=\"https:\/\/www.kraenku.se\/test\/te\/egnablandningar\/\" >L\u00e4s mer \u00bb<\/a><\/p>\n","protected":false},"author":1,"featured_media":4279,"parent":936,"menu_order":39,"comment_status":"closed","ping_status":"closed","template":"archive-ourblend.php","meta":{"_acf_changed":false,"_genesis_hide_title":false,"_genesis_hide_breadcrumbs":false,"_genesis_hide_singular_image":false,"_genesis_hide_footer_widgets":false,"_genesis_custom_body_class":"","_genesis_custom_post_class":"","_genesis_layout":"","footnotes":""},"class_list":{"0":"post-943","1":"page","2":"type-page","3":"status-publish","4":"has-post-thumbnail","6":"entry"},"acf":[],"_links":{"self":[{"href":"https:\/\/www.kraenku.se\/test\/wp-json\/wp\/v2\/pages\/943","targetHints":{"allow":["GET"]}}],"collection":[{"href":"https:\/\/www.kraenku.se\/test\/wp-json\/wp\/v2\/pages"}],"about":[{"href":"https:\/\/www.kraenku.se\/test\/wp-json\/wp\/v2\/types\/page"}],"author":[{"embeddable":true,"href":"https:\/\/www.kraenku.se\/test\/wp-json\/wp\/v2\/users\/1"}],"replies":[{"embeddable":true,"href":"https:\/\/www.kraenku.se\/test\/wp-json\/wp\/v2\/comments?post=943"}],"version-history":[{"count":21,"href":"https:\/\/www.kraenku.se\/test\/wp-json\/wp\/v2\/pages\/943\/revisions"}],"predecessor-version":[{"id":5476,"href":"https:\/\/www.kraenku.se\/test\/wp-json\/wp\/v2\/pages\/943\/revisions\/5476"}],"up":[{"embeddable":true,"href":"https:\/\/www.kraenku.se\/test\/wp-json\/wp\/v2\/pages\/936"}],"wp:featuredmedia":[{"embeddable":true,"href":"https:\/\/www.kraenku.se\/test\/wp-json\/wp\/v2\/media\/4279"}],"wp:attachment":[{"href":"https:\/\/www.kraenku.se\/test\/wp-json\/wp\/v2\/media?parent=943"}],"curies":[{"name":"wp","href":"https:\/\/api.w.org\/{rel}","templated":true}]}}