{"id":755,"date":"2012-08-15T22:17:18","date_gmt":"2012-08-15T21:17:18","guid":{"rendered":"http:\/\/www.kraenku.se\/test\/?page_id=755"},"modified":"2022-06-13T22:43:52","modified_gmt":"2022-06-13T21:43:52","slug":"gotland","status":"publish","type":"page","link":"https:\/\/www.kraenku.se\/test\/aterforsaljare\/gotland\/","title":{"rendered":"\u00c5terf\u00f6rs\u00e4ljare p\u00e5 Gotland"},"content":{"rendered":"<p>Har du inte m\u00f6jlighet att bes\u00f6ka v\u00e5r butik i innerstan s\u00e5 s\u00e4ljs Kr\u00e4nkus teer i flertalet livsmedelsbutiker och g\u00e5rdsbutiker runt om p\u00e5 \u00f6n. Teet s\u00e4ljs i f\u00e4rdiga f\u00f6rpackningar p\u00e5 100 g.<\/p>\n<p>\u00a0<\/p>\n<p>\u00a0<\/p>\n<center><iframe loading=\"lazy\" src=\"https:\/\/maps.google.com\/maps\/ms?msa=0&amp;msid=211273242601039637776.0004c239161692de5eb53&amp;ie=UTF8&amp;t=m&amp;ll=57.515823,18.627319&amp;spn=1.327631,2.191772&amp;z=8&amp;output=embed\" width=\"400\" height=\"450\" frameborder=\"0\" marginwidth=\"0\" marginheight=\"0\" scrolling=\"no\"><\/iframe><br \/><small>Visa <a style=\"color: #0000ff; text-align: left;\" href=\"https:\/\/maps.google.com\/maps\/ms?msa=0&amp;msid=211273242601039637776.0004c239161692de5eb53&amp;ie=UTF8&amp;t=m&amp;ll=57.515823,18.627319&amp;spn=1.327631,2.191772&amp;z=8&amp;source=embed\">\u00c5terf\u00f6rs\u00e4ljare av teblandningar fr\u00e5n Kr\u00e4nku Te &amp; Kaffe<\/a> p\u00e5 en st\u00f6rre karta<\/small><\/center>\n<p>\u00a0<\/p>\n<div style=\"float: left; width: 45%;\">\n<p><strong>Visby<\/strong><br \/><a href=\"http:\/\/www.atterdags.se\">ICA Atterdags<\/a><br \/>ICA Torgkassen<br \/>ICA Wisborg<br \/>ICA Kometen<br \/>Coop \u00d6ster<br \/>Maxi ICA Stormarknad<br \/>Stora Coop<\/p>\n<\/div>\n<div style=\"float: left; width: 45%;\">\n<p><strong>Brissund<\/strong><br \/>Krusmyntag\u00e5rden (sommar\u00f6ppet)<\/p>\n<p><strong>Burgsvik<\/strong><br \/>Hoburgshallen<\/p>\n<p><strong>Fole<\/strong><br \/>ICA Krampbroboden<\/p>\n<p><strong>F\u00e5r\u00f6sund<\/strong><br \/>Bungehallen<\/p>\n<p><strong>Hablingbo<\/strong><br \/>Margus Hemsl\u00f6jd<\/p>\n<p><strong>Havdhem<\/strong><br \/>Sudrets Livs<\/p>\n<p><strong>Hemse<\/strong><br \/>Coop Hemse<br \/>H\u00f6gbyhallen<\/p>\n<p><strong>Katthammarsvik<\/strong><br \/>Rommunds f\u00e5rg\u00e5rd<\/p>\n<p><strong>Klinte<\/strong><br \/>Warfsholm Butik<\/p>\n<p><strong>Klintehamn<\/strong><br \/>Coop Konsum Klintehamn<\/p>\n<p><strong>Ljugarn<\/strong><br \/>Coop Ljugarn<\/p>\n<p><strong>Lummelunda<\/strong><br \/>Lummelundagrottan (sommar\u00f6ppet)<\/p>\n<p><strong>L\u00e4rbro<\/strong><br \/>R\u00f6cklingers Handelstr\u00e4dg\u00e5rd<\/p>\n<p><strong>Roma<\/strong><br \/>ICA Roma<br \/>Coop Roma<\/p>\n<p><strong>Slite<\/strong><br \/>ICA Slite Livs<br \/>Coop Slite<\/p>\n<p><strong>Stenkyrka<\/strong><br \/>Tempo<\/p>\n<p><strong>St\u00e5nga<\/strong><br \/>Malmahallen<\/p>\n<p><strong>Vibble<\/strong><br \/>ICA Vibblehallen<\/p>\n<\/div>\n\n\n<p><\/p>\n","protected":false},"excerpt":{"rendered":"<p>Har du inte m\u00f6jlighet att bes\u00f6ka v\u00e5r butik i innerstan s\u00e5 s\u00e4ljs Kr\u00e4nkus teer i flertalet livsmedelsbutiker och g\u00e5rdsbutiker runt om p\u00e5 \u00f6n. Teet s\u00e4ljs i f\u00e4rdiga f\u00f6rpackningar p\u00e5 100 g. \u00a0 \u00a0 Visa \u00c5terf\u00f6rs\u00e4ljare av teblandningar fr\u00e5n Kr\u00e4nku Te &amp; Kaffe p\u00e5 en st\u00f6rre karta \u00a0 VisbyICA AtterdagsICA TorgkassenICA WisborgICA KometenCoop \u00d6sterMaxi ICA StormarknadStora&#8230;&nbsp;<a href=\"https:\/\/www.kraenku.se\/test\/aterforsaljare\/gotland\/\" >L\u00e4s mer \u00bb<\/a><\/p>\n","protected":false},"author":2,"featured_media":0,"parent":329,"menu_order":48,"comment_status":"closed","ping_status":"closed","template":"","meta":{"_acf_changed":false,"_genesis_hide_title":false,"_genesis_hide_breadcrumbs":false,"_genesis_hide_singular_image":false,"_genesis_hide_footer_widgets":false,"_genesis_custom_body_class":"","_genesis_custom_post_class":"","_genesis_layout":"","footnotes":""},"class_list":{"0":"post-755","1":"page","2":"type-page","3":"status-publish","5":"entry"},"acf":[],"_links":{"self":[{"href":"https:\/\/www.kraenku.se\/test\/wp-json\/wp\/v2\/pages\/755","targetHints":{"allow":["GET"]}}],"collection":[{"href":"https:\/\/www.kraenku.se\/test\/wp-json\/wp\/v2\/pages"}],"about":[{"href":"https:\/\/www.kraenku.se\/test\/wp-json\/wp\/v2\/types\/page"}],"author":[{"embeddable":true,"href":"https:\/\/www.kraenku.se\/test\/wp-json\/wp\/v2\/users\/2"}],"replies":[{"embeddable":true,"href":"https:\/\/www.kraenku.se\/test\/wp-json\/wp\/v2\/comments?post=755"}],"version-history":[{"count":13,"href":"https:\/\/www.kraenku.se\/test\/wp-json\/wp\/v2\/pages\/755\/revisions"}],"predecessor-version":[{"id":4874,"href":"https:\/\/www.kraenku.se\/test\/wp-json\/wp\/v2\/pages\/755\/revisions\/4874"}],"up":[{"embeddable":true,"href":"https:\/\/www.kraenku.se\/test\/wp-json\/wp\/v2\/pages\/329"}],"wp:attachment":[{"href":"https:\/\/www.kraenku.se\/test\/wp-json\/wp\/v2\/media?parent=755"}],"curies":[{"name":"wp","href":"https:\/\/api.w.org\/{rel}","templated":true}]}}