{"id":748,"date":"2012-08-15T20:54:38","date_gmt":"2012-08-15T19:54:38","guid":{"rendered":"http:\/\/www.kraenku.se\/test\/?page_id=748"},"modified":"2020-01-23T22:00:03","modified_gmt":"2020-01-23T21:00:03","slug":"order","status":"publish","type":"page","link":"https:\/\/www.kraenku.se\/test\/order\/","title":{"rendered":"Best\u00e4llning"},"content":{"rendered":"<p><strong>Vi har en egen <a title=\"Kr\u00e4nkus webbshop\" href=\"\/shop\">webbshop<\/a>!<\/strong> D\u00e4r betalar du snabbt och enkelt med kort.<\/p>\n<p><a title=\"Kr\u00e4nkus webbshop\" href=\"\/shop\"><img loading=\"lazy\" decoding=\"async\" class=\"aligncenter size-full wp-image-1304\" title=\"Handla i v\u00e5r webbshop\" src=\"\/wp-content\/uploads\/Handla-webbshop.png\" alt=\"Handla i v\u00e5r webbshop\" width=\"250\" height=\"220\"><\/a><\/p>\n<p>Saknar du n\u00e5got i webbshoppen s\u00e5 h\u00f6r av dig till oss p\u00e5 <a href=\"mailto:kontakt@kraenku.se\">kontakt@kraenku.se<\/a>.<\/p>\n<p><strong>Frakt<\/strong><br \/>\nVi anv\u00e4nder oss av <strong>DB Schenker Privpak<\/strong> f\u00f6r alla best\u00e4llningar i webbshoppen. Privpak levereras till ditt n\u00e4rmaste utl\u00e4mningsst\u00e4lle och du f\u00e5r en SMS-avisering n\u00e4r paketet finns att h\u00e4mta ut.<\/p>\n<p><strong>Vi skickar normalt DB Schenker inom 3-6 vardagar.&nbsp;<\/strong><\/p>\n<p><strong>Fraktkostnad *<\/strong><br \/>\nVi har en fast frakt p\u00e5<strong>&nbsp;69:-<\/strong>.<br \/>\nV\u00e4nligen kontakta oss f\u00f6r st\u00f6rre best\u00e4llningar (kontakt@kraenku.se).<br \/>\n* <em>G\u00e4ller inom Sverige.<\/em><\/p>\n<p>Above prices are for Sweden. For the European Union contact us for postage cost and payment options. We are not able to send outside the European Union.<\/p>\n","protected":false},"excerpt":{"rendered":"<p>Vi har en egen webbshop! D\u00e4r betalar du snabbt och enkelt med kort. Saknar du n\u00e5got i webbshoppen s\u00e5 h\u00f6r av dig till oss p\u00e5 kontakt@kraenku.se. Frakt Vi anv\u00e4nder oss av DB Schenker Privpak f\u00f6r alla best\u00e4llningar i webbshoppen. Privpak levereras till ditt n\u00e4rmaste utl\u00e4mningsst\u00e4lle och du f\u00e5r en SMS-avisering n\u00e4r paketet finns att h\u00e4mta&#8230;&nbsp;<a href=\"https:\/\/www.kraenku.se\/test\/order\/\" >L\u00e4s mer \u00bb<\/a><\/p>\n","protected":false},"author":2,"featured_media":0,"parent":0,"menu_order":49,"comment_status":"closed","ping_status":"closed","template":"","meta":{"_acf_changed":false,"_genesis_hide_title":false,"_genesis_hide_breadcrumbs":false,"_genesis_hide_singular_image":false,"_genesis_hide_footer_widgets":false,"_genesis_custom_body_class":"","_genesis_custom_post_class":"","_genesis_layout":"","footnotes":""},"class_list":{"0":"post-748","1":"page","2":"type-page","3":"status-publish","5":"entry"},"acf":[],"_links":{"self":[{"href":"https:\/\/www.kraenku.se\/test\/wp-json\/wp\/v2\/pages\/748","targetHints":{"allow":["GET"]}}],"collection":[{"href":"https:\/\/www.kraenku.se\/test\/wp-json\/wp\/v2\/pages"}],"about":[{"href":"https:\/\/www.kraenku.se\/test\/wp-json\/wp\/v2\/types\/page"}],"author":[{"embeddable":true,"href":"https:\/\/www.kraenku.se\/test\/wp-json\/wp\/v2\/users\/2"}],"replies":[{"embeddable":true,"href":"https:\/\/www.kraenku.se\/test\/wp-json\/wp\/v2\/comments?post=748"}],"version-history":[{"count":17,"href":"https:\/\/www.kraenku.se\/test\/wp-json\/wp\/v2\/pages\/748\/revisions"}],"predecessor-version":[{"id":4156,"href":"https:\/\/www.kraenku.se\/test\/wp-json\/wp\/v2\/pages\/748\/revisions\/4156"}],"wp:attachment":[{"href":"https:\/\/www.kraenku.se\/test\/wp-json\/wp\/v2\/media?parent=748"}],"curies":[{"name":"wp","href":"https:\/\/api.w.org\/{rel}","templated":true}]}}