{"id":658,"date":"2012-03-09T22:11:12","date_gmt":"2012-03-09T21:11:12","guid":{"rendered":"http:\/\/www.kraenku.se\/test\/?page_id=658"},"modified":"2014-02-18T16:56:14","modified_gmt":"2014-02-18T15:56:14","slug":"forvaring","status":"publish","type":"page","link":"https:\/\/www.kraenku.se\/test\/te\/forvaring\/","title":{"rendered":"F\u00f6rvaring"},"content":{"rendered":"<p>Ett v\u00e4l f\u00f6rvarat te h\u00e5ller doft och smak l\u00e4ngre. Det som kan p\u00e5verka ditt te negativt \u00e4r luft, ljus, fukt och starka dofter. Te b\u00f6r d\u00e4rf\u00f6r f\u00f6rvaras torrt och m\u00f6rkt. <span style=\"text-decoration: underline;\">Vi rekommenderar inte kyl eller frys<\/span> p\u00e5 grund av risk f\u00f6r fukt eller att teet tar smak fr\u00e5n andra livsmedel. En t\u00e4ttslutande pl\u00e5tburk \u00e4r b\u00e4st om man undviker direkt solljus eller andra v\u00e4rmek\u00e4llor. Om du k\u00f6per en st\u00f6rre m\u00e4ngd \u00e4n du dricker upp p\u00e5 ett par veckor \u00e4r det bra om du har en stor burk f\u00f6r f\u00f6rvaring och en mindre burk som du tar ur varje dag. P\u00e5sarna som v\u00e5ra teer s\u00e4ljs i \u00e4r fr\u00e4mst f\u00f6r transport och b\u00f6r d\u00e4rf\u00f6r inte anv\u00e4ndas f\u00f6r f\u00f6rvaring under en l\u00e4ngre period, \u00e4ven om alla v\u00e5ra tep\u00e5sar har en folieinsida f\u00f6r att bibeh\u00e5lla maximal doft, smak och kvalit\u00e9.<\/p>\n<p><a title=\"Pl\u00e5tburkar med Kr\u00e4nkus teblandningar\" href=\"http:\/\/www.kraenku.se\/test\/shop\/platburk-med-1-hg-te\">Du hittar fina pl\u00e5tburkar till v\u00e5ra teer i v\u00e5r webbshop!<\/a><\/p>\n<p style=\"text-align: center;\"><a href=\"http:\/\/www.kraenku.se\/test\/wp-content\/uploads\/K\u00e4rlekste-3-hg-silverburk.png\"><img loading=\"lazy\" decoding=\"async\" class=\" wp-image-1994 aligncenter\" title=\"K\u00e4rlekste 3 hg silverburk\" src=\"http:\/\/www.kraenku.se\/test\/wp-content\/uploads\/K\u00e4rlekste-3-hg-silverburk.png\" alt=\"K\u00e4rlekste 3 hg silverburk\" width=\"414\" height=\"414\" srcset=\"https:\/\/www.kraenku.se\/test\/wp-content\/uploads\/K\u00e4rlekste-3-hg-silverburk.png 591w, https:\/\/www.kraenku.se\/test\/wp-content\/uploads\/K\u00e4rlekste-3-hg-silverburk-150x150.png 150w, https:\/\/www.kraenku.se\/test\/wp-content\/uploads\/K\u00e4rlekste-3-hg-silverburk-300x300.png 300w\" sizes=\"auto, (max-width: 414px) 100vw, 414px\" \/><\/a><\/p>\n","protected":false},"excerpt":{"rendered":"<p>Ett v\u00e4l f\u00f6rvarat te h\u00e5ller doft och smak l\u00e4ngre. Det som kan p\u00e5verka ditt te negativt \u00e4r luft, ljus, fukt och starka dofter. Te b\u00f6r d\u00e4rf\u00f6r f\u00f6rvaras torrt och m\u00f6rkt. Vi rekommenderar inte kyl eller frys p\u00e5 grund av risk f\u00f6r fukt eller att teet tar smak fr\u00e5n andra livsmedel. En t\u00e4ttslutande pl\u00e5tburk \u00e4r b\u00e4st&#8230;&nbsp;<a href=\"https:\/\/www.kraenku.se\/test\/te\/forvaring\/\" >L\u00e4s mer \u00bb<\/a><\/p>\n","protected":false},"author":2,"featured_media":0,"parent":936,"menu_order":52,"comment_status":"closed","ping_status":"closed","template":"","meta":{"_acf_changed":false,"_genesis_hide_title":false,"_genesis_hide_breadcrumbs":false,"_genesis_hide_singular_image":false,"_genesis_hide_footer_widgets":false,"_genesis_custom_body_class":"","_genesis_custom_post_class":"","_genesis_layout":"","footnotes":""},"class_list":{"0":"post-658","1":"page","2":"type-page","3":"status-publish","5":"entry"},"acf":[],"_links":{"self":[{"href":"https:\/\/www.kraenku.se\/test\/wp-json\/wp\/v2\/pages\/658","targetHints":{"allow":["GET"]}}],"collection":[{"href":"https:\/\/www.kraenku.se\/test\/wp-json\/wp\/v2\/pages"}],"about":[{"href":"https:\/\/www.kraenku.se\/test\/wp-json\/wp\/v2\/types\/page"}],"author":[{"embeddable":true,"href":"https:\/\/www.kraenku.se\/test\/wp-json\/wp\/v2\/users\/2"}],"replies":[{"embeddable":true,"href":"https:\/\/www.kraenku.se\/test\/wp-json\/wp\/v2\/comments?post=658"}],"version-history":[{"count":4,"href":"https:\/\/www.kraenku.se\/test\/wp-json\/wp\/v2\/pages\/658\/revisions"}],"predecessor-version":[{"id":1993,"href":"https:\/\/www.kraenku.se\/test\/wp-json\/wp\/v2\/pages\/658\/revisions\/1993"}],"up":[{"embeddable":true,"href":"https:\/\/www.kraenku.se\/test\/wp-json\/wp\/v2\/pages\/936"}],"wp:attachment":[{"href":"https:\/\/www.kraenku.se\/test\/wp-json\/wp\/v2\/media?parent=658"}],"curies":[{"name":"wp","href":"https:\/\/api.w.org\/{rel}","templated":true}]}}