{"id":546,"date":"2012-02-13T23:50:57","date_gmt":"2012-02-13T22:50:57","guid":{"rendered":"http:\/\/www.kraenku.se\/test\/?page_id=546"},"modified":"2024-03-01T11:12:20","modified_gmt":"2024-03-01T10:12:20","slug":"kontakt","status":"publish","type":"page","link":"https:\/\/www.kraenku.se\/test\/kontakt\/","title":{"rendered":"Kontakta oss"},"content":{"rendered":"<div class=\"wp-block-image\">\n<figure class=\"aligncenter\"><img loading=\"lazy\" decoding=\"async\" width=\"600\" height=\"515\" src=\"\/wp-content\/uploads\/Fredrik-och-Oskar-Dahlbom-namn.png\" alt=\"fredrik-och-oskar-dahlbom-namn\" class=\"wp-image-3066\" srcset=\"https:\/\/www.kraenku.se\/test\/wp-content\/uploads\/Fredrik-och-Oskar-Dahlbom-namn.png 600w, https:\/\/www.kraenku.se\/test\/wp-content\/uploads\/Fredrik-och-Oskar-Dahlbom-namn-300x258.png 300w\" sizes=\"auto, (max-width: 600px) 100vw, 600px\" \/><\/figure><\/div>\n\n\n<p>Du n\u00e5r oss enklast via <a href=\"mailto:kontakt@kraenku.se\">e-post<\/a> eller <a href=\"#contact-form\">kontaktformul\u00e4ret<\/a> nedan.<\/p>\n\n\n\n<p><strong>Kr\u00e4nku Te &amp; Kaffe<\/strong><br>S:t Hansplan 4<br>621 56 VISBY<\/p>\n\n\n\n<p>Telefon: 0498-217481<\/p>\n\n\n\n<p>Organisationsnummer: 556455-4474<\/p>\n\n\n\n<h2 class=\"wp-block-heading\">Vem kan du v\u00e4nda dig till?<\/h2>\n\n\n\n<p><strong>\u00c5terf\u00f6rs\u00e4ljning \/ kontor<\/strong><br><em>Eller bara f\u00f6r att s\u00e4ga hej!<\/em><br>Kontakt: <a href=\"mailto:kontakt@kraenku.se\">kontakt@kraenku.se<\/a><\/p>\n\n\n\n<p>_________________________<\/p>\n\n\n\n<p><strong>Oskar Dahlbom<\/strong><br><em>Teblandare och marknadsf\u00f6rare<\/em><br>Kontakt: <a title=\"Maila Oskar\" href=\"mailto:oskar@kraenku.se\">oskar@kraenku.se<\/a><\/p>\n\n\n\n<p>_________________________<\/p>\n\n\n\n<p><strong>Fredrik&nbsp;Dahlbom<\/strong><br><em>Teblandare och tekniskt ansvarig<\/em><br>Kontakt: <a title=\"Mejla Fredrik\" href=\"mailto:fredrik@kraenku.se\">fredrik@kraenku.se<\/a><\/p>\n\n\n\n<p>_________________________<\/p>\n\n\n\n<p><strong>Josefin Bengtsson<\/strong><br><em>Personal- och ink\u00f6psansvarig<\/em><br>Kontakt: <a href=\"mailto:fredrik@kraenku.se\">josefin@kraenku.se<\/a><\/p>\n\n\n\n<p>_________________________<\/p>\n\n\n\n<p><strong>Anneli Dahlbom<\/strong><br><em>Senior r\u00e5dgivare, medgrundare<\/em><br><img loading=\"lazy\" decoding=\"async\" title=\"Anneli Dahlbom\" width=\"210\" height=\"270\" class=\"alignnone size-full wp-image-553\" src=\"\/wp-content\/uploads\/2012\/02\/anneli.png\" alt=\"Anneli Dahlbom\"><br>Kontakt: kontakt@kraenku.se<\/p>\n\n\n\n<p>_________________________<\/p>\n\n\n\n<p><strong>Sylve Dahlbom<\/strong><br><em>Teblandare, grundare<\/em><br><img loading=\"lazy\" decoding=\"async\" class=\"alignnone size-full wp-image-551\" title=\"Sylve Dahlbom\" src=\"\/wp-content\/uploads\/2012\/02\/sylve.png\" alt=\"Sylve Dahlbom\" width=\"210\" height=\"270\"><br>Kontakt: kontakt@kraenku.se<br>_________________________<\/p>\n\n\n\n<h2 class=\"wp-block-heading\"><a name=\"contact-form\">Kontaktformul\u00e4r<\/a><\/h2>\n\n\n\n<p>Du n\u00e5r oss ocks\u00e5 via formul\u00e4ret nedan:<\/p>\n\n\n\n<div class=\"wp-block-contact-form-7-contact-form-selector\">\n<div class=\"wpcf7 no-js\" id=\"wpcf7-f1282-o1\" lang=\"en-US\" dir=\"ltr\" data-wpcf7-id=\"1282\">\n<div class=\"screen-reader-response\"><p role=\"status\" aria-live=\"polite\" aria-atomic=\"true\"><\/p> <ul><\/ul><\/div>\n<form action=\"\/test\/wp-json\/wp\/v2\/pages\/546#wpcf7-f1282-o1\" method=\"post\" class=\"wpcf7-form init\" aria-label=\"Contact form\" novalidate=\"novalidate\" data-status=\"init\">\n<div style=\"display: none;\">\n<input type=\"hidden\" name=\"_wpcf7\" value=\"1282\" \/>\n<input type=\"hidden\" name=\"_wpcf7_version\" value=\"6.0.5\" \/>\n<input type=\"hidden\" name=\"_wpcf7_locale\" value=\"en_US\" \/>\n<input type=\"hidden\" name=\"_wpcf7_unit_tag\" value=\"wpcf7-f1282-o1\" \/>\n<input type=\"hidden\" name=\"_wpcf7_container_post\" value=\"0\" \/>\n<input type=\"hidden\" name=\"_wpcf7_posted_data_hash\" value=\"\" \/>\n<input type=\"hidden\" name=\"_wpcf7cf_hidden_group_fields\" value=\"[]\" \/>\n<input type=\"hidden\" name=\"_wpcf7cf_hidden_groups\" value=\"[]\" \/>\n<input type=\"hidden\" name=\"_wpcf7cf_visible_groups\" value=\"[]\" \/>\n<input type=\"hidden\" name=\"_wpcf7cf_repeaters\" value=\"[]\" \/>\n<input type=\"hidden\" name=\"_wpcf7cf_steps\" value=\"{}\" \/>\n<input type=\"hidden\" name=\"_wpcf7cf_options\" value=\"{&quot;form_id&quot;:1282,&quot;conditions&quot;:[],&quot;settings&quot;:{&quot;animation&quot;:&quot;yes&quot;,&quot;animation_intime&quot;:200,&quot;animation_outtime&quot;:200,&quot;conditions_ui&quot;:&quot;normal&quot;,&quot;notice_dismissed&quot;:false}}\" \/>\n<\/div>\n<p>Ditt namn*: <span class=\"wpcf7-form-control-wrap\" data-name=\"your-name\"><input size=\"40\" maxlength=\"400\" class=\"wpcf7-form-control wpcf7-text wpcf7-validates-as-required\" aria-required=\"true\" aria-invalid=\"false\" value=\"\" type=\"text\" name=\"your-name\" \/><\/span>\n<\/p>\n<p>Din e-post*: <span class=\"wpcf7-form-control-wrap\" data-name=\"your-email\"><input size=\"40\" maxlength=\"400\" class=\"wpcf7-form-control wpcf7-email wpcf7-validates-as-required wpcf7-text wpcf7-validates-as-email\" aria-required=\"true\" aria-invalid=\"false\" value=\"\" type=\"email\" name=\"your-email\" \/><\/span>\n<\/p>\n<p>Ditt \u00e4rende*: <span class=\"wpcf7-form-control-wrap\" data-name=\"your-subject\"><input size=\"40\" maxlength=\"400\" class=\"wpcf7-form-control wpcf7-text wpcf7-validates-as-required\" aria-required=\"true\" aria-invalid=\"false\" value=\"\" type=\"text\" name=\"your-subject\" \/><\/span>\n<\/p>\n<p>Ditt meddelande:\n<\/p>\n<p><span class=\"wpcf7-form-control-wrap\" data-name=\"your-message\"><textarea cols=\"40\" rows=\"10\" maxlength=\"2000\" class=\"wpcf7-form-control wpcf7-textarea wpcf7-validates-as-required\" aria-required=\"true\" aria-invalid=\"false\" name=\"your-message\"><\/textarea><\/span>\n<\/p>\n<p>Antispam-fr\u00e5ga:\n<\/p>\n<p><span class=\"wpcf7-form-control-wrap\" data-name=\"nospam\"><label><span class=\"wpcf7-quiz-label\">Ligger Kr\u00e4nkus butik i Visby?<\/span> <input size=\"40\" class=\"wpcf7-form-control wpcf7-quiz\" autocomplete=\"off\" aria-required=\"true\" aria-invalid=\"false\" type=\"text\" name=\"nospam\" \/><\/label><input type=\"hidden\" name=\"_wpcf7_quiz_answer_nospam\" value=\"6e2b11aa50bcc00fbabd7c3aa7817205\" \/><\/span>\n<\/p>\n<p><em>Denna fr\u00e5ga anv\u00e4nds f\u00f6r att avg\u00f6ra att det \u00e4r en m\u00e4nniska och inte reklamrobot som skickar meddelanden.<\/em>\n<\/p>\n<p>*Obligatoriskt f\u00e4lt\n<\/p>\n<p><input class=\"wpcf7-form-control wpcf7-submit has-spinner\" type=\"submit\" value=\"Skicka\" \/>\n<\/p><div class=\"wpcf7-response-output\" aria-hidden=\"true\"><\/div>\n<\/form>\n<\/div>\n<\/div>\n","protected":false},"excerpt":{"rendered":"<p>Du n\u00e5r oss enklast via e-post eller kontaktformul\u00e4ret nedan. Kr\u00e4nku Te &amp; KaffeS:t Hansplan 4621 56 VISBY Telefon: 0498-217481 Organisationsnummer: 556455-4474 Vem kan du v\u00e4nda dig till? \u00c5terf\u00f6rs\u00e4ljning \/ kontorEller bara f\u00f6r att s\u00e4ga hej!Kontakt: kontakt@kraenku.se _________________________ Oskar DahlbomTeblandare och marknadsf\u00f6rareKontakt: oskar@kraenku.se _________________________ Fredrik&nbsp;DahlbomTeblandare och tekniskt ansvarigKontakt: fredrik@kraenku.se _________________________ Josefin BengtssonPersonal- och ink\u00f6psansvarigKontakt: josefin@kraenku.se _________________________&#8230;&nbsp;<a href=\"https:\/\/www.kraenku.se\/test\/kontakt\/\" >L\u00e4s mer \u00bb<\/a><\/p>\n","protected":false},"author":2,"featured_media":3066,"parent":0,"menu_order":54,"comment_status":"closed","ping_status":"closed","template":"","meta":{"_acf_changed":false,"_genesis_hide_title":false,"_genesis_hide_breadcrumbs":false,"_genesis_hide_singular_image":false,"_genesis_hide_footer_widgets":false,"_genesis_custom_body_class":"","_genesis_custom_post_class":"","_genesis_layout":"","footnotes":""},"class_list":{"0":"post-546","1":"page","2":"type-page","3":"status-publish","4":"has-post-thumbnail","6":"entry"},"acf":[],"_links":{"self":[{"href":"https:\/\/www.kraenku.se\/test\/wp-json\/wp\/v2\/pages\/546","targetHints":{"allow":["GET"]}}],"collection":[{"href":"https:\/\/www.kraenku.se\/test\/wp-json\/wp\/v2\/pages"}],"about":[{"href":"https:\/\/www.kraenku.se\/test\/wp-json\/wp\/v2\/types\/page"}],"author":[{"embeddable":true,"href":"https:\/\/www.kraenku.se\/test\/wp-json\/wp\/v2\/users\/2"}],"replies":[{"embeddable":true,"href":"https:\/\/www.kraenku.se\/test\/wp-json\/wp\/v2\/comments?post=546"}],"version-history":[{"count":38,"href":"https:\/\/www.kraenku.se\/test\/wp-json\/wp\/v2\/pages\/546\/revisions"}],"predecessor-version":[{"id":5315,"href":"https:\/\/www.kraenku.se\/test\/wp-json\/wp\/v2\/pages\/546\/revisions\/5315"}],"wp:featuredmedia":[{"embeddable":true,"href":"https:\/\/www.kraenku.se\/test\/wp-json\/wp\/v2\/media\/3066"}],"wp:attachment":[{"href":"https:\/\/www.kraenku.se\/test\/wp-json\/wp\/v2\/media?parent=546"}],"curies":[{"name":"wp","href":"https:\/\/api.w.org\/{rel}","templated":true}]}}