{"id":537,"date":"2012-02-13T22:40:19","date_gmt":"2012-02-13T21:40:19","guid":{"rendered":"http:\/\/www.kraenku.se\/test\/?page_id=537"},"modified":"2012-09-25T19:44:00","modified_gmt":"2012-09-25T18:44:00","slug":"berattelsen-om-kranku","status":"publish","type":"page","link":"https:\/\/www.kraenku.se\/test\/omoss\/berattelsen-om-kranku\/","title":{"rendered":"Ber\u00e4ttelsen om Kr\u00e4nku"},"content":{"rendered":"<p>Kr\u00e4nku b\u00f6rjade sin bana som tebutik h\u00f6sten 1977 n\u00e4r Anneli och Sylve fick m\u00f6jlighet att ta \u00f6ver en aff\u00e4rslokal p\u00e5 S:t Hansgatan i Visby. Eftersom Sylve alltid dr\u00f6mt om att s\u00e4lja te startade de Kr\u00e4nku Teboden den 19:e november. Smaksatt te i l\u00f6svikt var inte alltf\u00f6r vanligt i Sverige vid den h\u00e4r tiden och i Visby fanns det ingen tebutik d\u00e5. Efter lite efterforskningar fick de kontakt med en televerant\u00f6r med gamla anor i Stockholm och k\u00f6pte in sina f\u00f6rsta 14 sorters te. Denna leverant\u00f6r har sedan fortsatt leverera den st\u00f6rsta delen av Kr\u00e4nkus te och g\u00f6r s\u00e5 \u00e4n idag.<\/p>\n<p>Efter att i ett knappt \u00e5r s\u00e5lt te och diverse tillbeh\u00f6r tyckte Anneli att det var dags att skapa en egen blandning, n\u00e5got hon tyckte varje tebutik borde ha. S\u00e5 Sylve satte ig\u00e5ng och experimentera och testade olika smakkombinationer och efter tag fick han fram en blandning han var n\u00f6jd med. Detta blev Guteblandning som har fortsatt och blandas efter samma hemliga och of\u00f6r\u00e4ndrade recept \u00e4nda sedan dess. Efter den f\u00f6rsta blandningen har det blivit flera eftersom \u00e5ren g\u00e5tt, n\u00e4stan en ny varje \u00e5r, alla med namn, doft, smak och illustrationer som p\u00e5 olika s\u00e4tt anknyter till Gotland och Gutarna.<\/p>\n<p>Allt som \u00e5ren gick ut\u00f6kades sortiment, ibland genom planering och ibland genom slump. Vilket har resulterat i att Kr\u00e4nku numer \u00e4ven s\u00e4ljer kaffe, porslin, godis, kryddor, burkar, choklad, med mera med mera. N\u00e4r det s\u00e5 1986 gavs m\u00f6jlighet att ta \u00f6ver en annan aff\u00e4rslokal p\u00e5 \u00d6ster utanf\u00f6r ringmuren s\u00e5 togs chansen att expandera r\u00f6relsen. Till att b\u00f6rja med var den nya butiken inte mycket mer \u00e4n en disk och n\u00e5gra teburkar men efter ett par \u00e5r s\u00e5 blev lokalen bredvid ocks\u00e5 tillg\u00e4nglig, och butiken byggdes ut. De tv\u00e5 butikerna drevs parallellt i drygt tolv \u00e5rs tid. D\u00e5 uppstod det \u00e5terigen en chans att flytta till en ny lokal, p\u00e5 S:t Hansplan, inte mer \u00e4n 60 m fr\u00e5n den ursprungliga butiken p\u00e5 S:t Hansgatan. I stadens gamla j\u00e4rnaff\u00e4r kunde man f\u00e5 tillg\u00e5ng till en lokal i passande stil. De tv\u00e5 butikernas slogs samman till en och flyttade ihop med teproduktionen som dittills h\u00e5llit till p\u00e5 den gotl\u00e4ndska landsbygden. S\u00e5 i maj 1999 slogs d\u00f6rrarna upp f\u00f6r en ny butik i samma anda och gammaldags milj\u00f6 som tidigare. Och h\u00e4r forts\u00e4tter Kr\u00e4nku Te &amp; Kaffe att verka efter samma filosofi som alltid, men ocks\u00e5 i st\u00e4ndig f\u00f6r\u00e4ndring.<\/p>\n","protected":false},"excerpt":{"rendered":"<p>Kr\u00e4nku b\u00f6rjade sin bana som tebutik h\u00f6sten 1977 n\u00e4r Anneli och Sylve fick m\u00f6jlighet att ta \u00f6ver en aff\u00e4rslokal p\u00e5 S:t Hansgatan i Visby. Eftersom Sylve alltid dr\u00f6mt om att s\u00e4lja te startade de Kr\u00e4nku Teboden den 19:e november. Smaksatt te i l\u00f6svikt var inte alltf\u00f6r vanligt i Sverige vid den h\u00e4r tiden och i&#8230;&nbsp;<a href=\"https:\/\/www.kraenku.se\/test\/omoss\/berattelsen-om-kranku\/\" >L\u00e4s mer \u00bb<\/a><\/p>\n","protected":false},"author":2,"featured_media":0,"parent":361,"menu_order":55,"comment_status":"closed","ping_status":"closed","template":"","meta":{"_acf_changed":false,"_genesis_hide_title":false,"_genesis_hide_breadcrumbs":false,"_genesis_hide_singular_image":false,"_genesis_hide_footer_widgets":false,"_genesis_custom_body_class":"","_genesis_custom_post_class":"","_genesis_layout":"","footnotes":""},"class_list":{"0":"post-537","1":"page","2":"type-page","3":"status-publish","5":"entry"},"acf":[],"_links":{"self":[{"href":"https:\/\/www.kraenku.se\/test\/wp-json\/wp\/v2\/pages\/537","targetHints":{"allow":["GET"]}}],"collection":[{"href":"https:\/\/www.kraenku.se\/test\/wp-json\/wp\/v2\/pages"}],"about":[{"href":"https:\/\/www.kraenku.se\/test\/wp-json\/wp\/v2\/types\/page"}],"author":[{"embeddable":true,"href":"https:\/\/www.kraenku.se\/test\/wp-json\/wp\/v2\/users\/2"}],"replies":[{"embeddable":true,"href":"https:\/\/www.kraenku.se\/test\/wp-json\/wp\/v2\/comments?post=537"}],"version-history":[{"count":4,"href":"https:\/\/www.kraenku.se\/test\/wp-json\/wp\/v2\/pages\/537\/revisions"}],"predecessor-version":[{"id":816,"href":"https:\/\/www.kraenku.se\/test\/wp-json\/wp\/v2\/pages\/537\/revisions\/816"}],"up":[{"embeddable":true,"href":"https:\/\/www.kraenku.se\/test\/wp-json\/wp\/v2\/pages\/361"}],"wp:attachment":[{"href":"https:\/\/www.kraenku.se\/test\/wp-json\/wp\/v2\/media?parent=537"}],"curies":[{"name":"wp","href":"https:\/\/api.w.org\/{rel}","templated":true}]}}