{"id":4455,"date":"2020-11-01T22:24:25","date_gmt":"2020-11-01T21:24:25","guid":{"rendered":"https:\/\/www.kraenku.se\/test\/?page_id=4455"},"modified":"2023-01-02T16:55:08","modified_gmt":"2023-01-02T15:55:08","slug":"var-hittar-jag-information-om-min-betalning","status":"publish","type":"page","link":"https:\/\/www.kraenku.se\/test\/faq\/var-hittar-jag-information-om-min-betalning\/","title":{"rendered":"Var hittar jag information om min betalning?"},"content":{"rendered":"\n<p>Betalningar i Kr\u00e4nkus webbshop hanteras av <em>Nets<\/em> (<a href=\"https:\/\/www.nets.eu\/se\/payments\/om-nets\/\">L\u00e4s mer om Nets h\u00e4r<\/a>) tj\u00e4nst <em>Nets Easy<\/em>. Vid betalningstillf\u00e4llet kan du hitta l\u00e4nkar till villkoren som g\u00e4ller f\u00f6r respektive betals\u00e4tt. Med <em>Nets Easy<\/em> kan du betala via kort eller faktura. Du kan ocks\u00e5 l\u00e4sa de kompletta villkoren f\u00f6r att handla i v\u00e5r webbshop <a href=\"\/shop\/content\/villkor\">h\u00e4r<\/a>.<\/p>\n\n\n\n<p>Betalning med kort kan g\u00f6ras med VISA eller MasterCard. Vid betalning reserveras pengar mot kortet som sedan dras n\u00e4r kortet debiteras av oss.<\/p>\n\n\n\n<p>Fakturabetalning hanteras av <em>Nets<\/em> genom <em>Riverty<\/em>. Det kan ske en kreditupplysning i samband med detta. F\u00f6r att betala med faktura m\u00e5ste du uppge ditt personnummer i samband med betalning. Faktura skickas till e-posten du har registrerat ditt konto med. Det kan i vissa fall ocks\u00e5 skickas via brev. Fakturorna skickas ut n\u00e4r k\u00f6pet debiteras av oss under veckan efter du lagt din best\u00e4llning. Om du vill komma \u00e5t din faktura p\u00e5 annat s\u00e4tt hittar du den genom att logga in med BankID p\u00e5 <a href=\"https:\/\/my.riverty.com\/sv-se\">https:\/\/my.riverty.com\/sv-se<\/a>. Betalningsmottagare f\u00f6r faktura \u00e4r <em>Riverty (tidigare <em>Arvato Finance AB<\/em><\/em>)<em>.<\/em><\/p>\n\n\n\n<p>Alla fr\u00e5gor om betalning av din faktura m\u00e5ste ske till <em>Riverty<\/em> p\u00e5 e-post <a href=\"mailto:customercare@riverty.se\">customercare@riverty.se<\/a> eller telefon: 0340 &#8211; 59 61 01.<\/p>\n\n\n\n<p>Du kan se vilket betals\u00e4tt du anv\u00e4nt p\u00e5 ditt kvitto som du f\u00e5r p\u00e5 mejl i samband med ditt k\u00f6p eller om du loggar in p\u00e5 ditt konto i webbshoppen.<\/p>\n","protected":false},"excerpt":{"rendered":"<p>Betalningar i Kr\u00e4nkus webbshop hanteras av Nets (L\u00e4s mer om Nets h\u00e4r) tj\u00e4nst Nets Easy. Vid betalningstillf\u00e4llet kan du hitta l\u00e4nkar till villkoren som g\u00e4ller f\u00f6r respektive betals\u00e4tt. Med Nets Easy kan du betala via kort eller faktura. Du kan ocks\u00e5 l\u00e4sa de kompletta villkoren f\u00f6r att handla i v\u00e5r webbshop h\u00e4r. Betalning med kort&#8230;&nbsp;<a href=\"https:\/\/www.kraenku.se\/test\/faq\/var-hittar-jag-information-om-min-betalning\/\" >L\u00e4s mer \u00bb<\/a><\/p>\n","protected":false},"author":1,"featured_media":0,"parent":3489,"menu_order":16,"comment_status":"closed","ping_status":"closed","template":"","meta":{"_acf_changed":false,"_genesis_hide_title":false,"_genesis_hide_breadcrumbs":false,"_genesis_hide_singular_image":false,"_genesis_hide_footer_widgets":false,"_genesis_custom_body_class":"","_genesis_custom_post_class":"","_genesis_layout":"","footnotes":""},"class_list":{"0":"post-4455","1":"page","2":"type-page","3":"status-publish","5":"entry"},"acf":[],"_links":{"self":[{"href":"https:\/\/www.kraenku.se\/test\/wp-json\/wp\/v2\/pages\/4455","targetHints":{"allow":["GET"]}}],"collection":[{"href":"https:\/\/www.kraenku.se\/test\/wp-json\/wp\/v2\/pages"}],"about":[{"href":"https:\/\/www.kraenku.se\/test\/wp-json\/wp\/v2\/types\/page"}],"author":[{"embeddable":true,"href":"https:\/\/www.kraenku.se\/test\/wp-json\/wp\/v2\/users\/1"}],"replies":[{"embeddable":true,"href":"https:\/\/www.kraenku.se\/test\/wp-json\/wp\/v2\/comments?post=4455"}],"version-history":[{"count":6,"href":"https:\/\/www.kraenku.se\/test\/wp-json\/wp\/v2\/pages\/4455\/revisions"}],"predecessor-version":[{"id":5023,"href":"https:\/\/www.kraenku.se\/test\/wp-json\/wp\/v2\/pages\/4455\/revisions\/5023"}],"up":[{"embeddable":true,"href":"https:\/\/www.kraenku.se\/test\/wp-json\/wp\/v2\/pages\/3489"}],"wp:attachment":[{"href":"https:\/\/www.kraenku.se\/test\/wp-json\/wp\/v2\/media?parent=4455"}],"curies":[{"name":"wp","href":"https:\/\/api.w.org\/{rel}","templated":true}]}}