{"id":3789,"date":"2019-03-01T23:56:29","date_gmt":"2019-03-01T22:56:29","guid":{"rendered":"https:\/\/www.kraenku.se\/test\/?page_id=3789"},"modified":"2019-03-05T00:41:34","modified_gmt":"2019-03-04T23:41:34","slug":"vad-gor-jag-om-mitt-paket-har-skickats-tillbaka-fran-ombudet","status":"publish","type":"page","link":"https:\/\/www.kraenku.se\/test\/faq\/vad-gor-jag-om-mitt-paket-har-skickats-tillbaka-fran-ombudet\/","title":{"rendered":"Vad g\u00f6r jag om mitt paket har skickats tillbaka fr\u00e5n ombudet?"},"content":{"rendered":"\n<p><em>Tv\u00e5 veckor efter ditt paket har kommit fram till ditt ombud skickas det tillbaka till oss. N\u00e4r vi f\u00e5tt tillbaka ditt paketet f\u00f6rs\u00f6ker vi kontakta dig.<\/em><\/p>\n\n\n\n<p><em>Om vi inte lyckas n\u00e5 dig via e-post skickar vi ett SMS. Om du har f\u00e5tt ett s\u00e5nt SMS kan du <\/em><a href=\"\/shop\/my-account\"><em>logga in i v\u00e5r webbshop<\/em><\/a><em> f\u00f6r att se v\u00e5ra meddelanden till dig.<\/em><\/p>\n\n\n\n<p><em>Det g\u00e5r \u00e4ven bra att kontakta oss p\u00e5 <\/em><a href=\"\/kontakt\/\"><em>annat s\u00e4tt<\/em><\/a><em>.<\/em><\/p>\n","protected":false},"excerpt":{"rendered":"<p>Tv\u00e5 veckor efter ditt paket har kommit fram till ditt ombud skickas det tillbaka till oss. N\u00e4r vi f\u00e5tt tillbaka ditt paketet f\u00f6rs\u00f6ker vi kontakta dig. Om vi inte lyckas n\u00e5 dig via e-post skickar vi ett SMS. Om du har f\u00e5tt ett s\u00e5nt SMS kan du logga in i v\u00e5r webbshop f\u00f6r att se&#8230;&nbsp;<a href=\"https:\/\/www.kraenku.se\/test\/faq\/vad-gor-jag-om-mitt-paket-har-skickats-tillbaka-fran-ombudet\/\" >L\u00e4s mer \u00bb<\/a><\/p>\n","protected":false},"author":1,"featured_media":0,"parent":3489,"menu_order":21,"comment_status":"closed","ping_status":"closed","template":"","meta":{"_acf_changed":false,"_genesis_hide_title":false,"_genesis_hide_breadcrumbs":false,"_genesis_hide_singular_image":false,"_genesis_hide_footer_widgets":false,"_genesis_custom_body_class":"","_genesis_custom_post_class":"","_genesis_layout":"","footnotes":""},"class_list":{"0":"post-3789","1":"page","2":"type-page","3":"status-publish","5":"entry"},"acf":[],"_links":{"self":[{"href":"https:\/\/www.kraenku.se\/test\/wp-json\/wp\/v2\/pages\/3789","targetHints":{"allow":["GET"]}}],"collection":[{"href":"https:\/\/www.kraenku.se\/test\/wp-json\/wp\/v2\/pages"}],"about":[{"href":"https:\/\/www.kraenku.se\/test\/wp-json\/wp\/v2\/types\/page"}],"author":[{"embeddable":true,"href":"https:\/\/www.kraenku.se\/test\/wp-json\/wp\/v2\/users\/1"}],"replies":[{"embeddable":true,"href":"https:\/\/www.kraenku.se\/test\/wp-json\/wp\/v2\/comments?post=3789"}],"version-history":[{"count":4,"href":"https:\/\/www.kraenku.se\/test\/wp-json\/wp\/v2\/pages\/3789\/revisions"}],"predecessor-version":[{"id":3820,"href":"https:\/\/www.kraenku.se\/test\/wp-json\/wp\/v2\/pages\/3789\/revisions\/3820"}],"up":[{"embeddable":true,"href":"https:\/\/www.kraenku.se\/test\/wp-json\/wp\/v2\/pages\/3489"}],"wp:attachment":[{"href":"https:\/\/www.kraenku.se\/test\/wp-json\/wp\/v2\/media?parent=3789"}],"curies":[{"name":"wp","href":"https:\/\/api.w.org\/{rel}","templated":true}]}}