{"id":3784,"date":"2019-03-01T18:09:51","date_gmt":"2019-03-01T17:09:51","guid":{"rendered":"https:\/\/www.kraenku.se\/test\/?page_id=3784"},"modified":"2020-11-06T12:41:45","modified_gmt":"2020-11-06T11:41:45","slug":"var-ar-mitt-paket","status":"publish","type":"page","link":"https:\/\/www.kraenku.se\/test\/faq\/var-ar-mitt-paket\/","title":{"rendered":"Var \u00e4r mitt paket?"},"content":{"rendered":"\n<p>Om du f\u00e5tt e-post fr\u00e5n oss att din best\u00e4llning \u00e4r p\u00e5 v\u00e4g brukar det dr\u00f6ja h\u00f6gst n\u00e5gra dagar innan det n\u00e5r ditt ombud. Vid hemleverans brukar det ta lite l\u00e4ngre tid. Du kan l\u00e4sa mera under respektive <a href=\"\/shop\/content\/category\/leveransmetoder\">leveransmetod<\/a>.<\/p>\n\n\n\n<p>S\u00e5 snart paketet p\u00e5b\u00f6rjat sin resan f\u00e5r du e-post med <em>Transportavisering fr\u00e5n Kr\u00e4nku Te &amp; Kaffe AB<\/em> inneh\u00e5llande en l\u00e4nk d\u00e4r du kan sp\u00e5ra ditt paket.<\/p>\n\n\n\n<p>Det \u00e4r \u00e4r ocks\u00e5 m\u00f6jligt att sp\u00e5ra ditt paket hos <a href=\"https:\/\/www.dbschenker.com\/se-sv\/om-oss\/kundservice\/spara-och-sok\">Schenker<\/a>. V\u00e4lj <em>Avs\u00e4ndarens referens<\/em> och ange <em>K<\/em> f\u00f6ljt av din best\u00e4llnings id som s\u00f6kv\u00e4rde.<\/p>\n\n\n\n<p>S\u00e5 snart ombudet tagit emot och registrerat ditt paket g\u00e5r det ut en SMS-avi till det mobilnummer du uppgav vid best\u00e4llningstillf\u00e4llet. Efter ca en vecka skickas \u00e4ven en brevp\u00e5minnelse ut till din adress.<\/p>\n\n\n\n<p> Om du inte h\u00e4mtar ut ditt paket inom tv\u00e5 veckor skickas det i <a href=\"https:\/\/www.kraenku.se\/test\/faq\/vad-gor-jag-om-mitt-paket-har-skickats-tillbaka-fran-ombudet\/\">retur till oss<\/a>.<\/p>\n\n\n\n<p>\u00c4r du f\u00f6rhindrad att h\u00e4mta ut ditt paket i tid s\u00e5 finns m\u00f6jligheten att skicka ett bud. B\u00e5de budet och din legitimation m\u00e5ste d\u00e5 uppvisas.<\/p>\n\n\n\n<p>Efter ditt paket l\u00e4mnat oss har vi tyv\u00e4rr inte m\u00f6jlighet att \u00e4ndra mottagare, ombud eller annat.<\/p>\n\n\n\n<p>Vid hemleverans kommer du kontaktas f\u00f6r att best\u00e4mma ett tidsintervall f\u00f6r din leverans.<\/p>\n","protected":false},"excerpt":{"rendered":"<p>Om du f\u00e5tt e-post fr\u00e5n oss att din best\u00e4llning \u00e4r p\u00e5 v\u00e4g brukar det dr\u00f6ja h\u00f6gst n\u00e5gra dagar innan det n\u00e5r ditt ombud. Vid hemleverans brukar det ta lite l\u00e4ngre tid. Du kan l\u00e4sa mera under respektive leveransmetod. S\u00e5 snart paketet p\u00e5b\u00f6rjat sin resan f\u00e5r du e-post med Transportavisering fr\u00e5n Kr\u00e4nku Te &amp; Kaffe AB&#8230;&nbsp;<a href=\"https:\/\/www.kraenku.se\/test\/faq\/var-ar-mitt-paket\/\" >L\u00e4s mer \u00bb<\/a><\/p>\n","protected":false},"author":1,"featured_media":0,"parent":3489,"menu_order":22,"comment_status":"closed","ping_status":"closed","template":"","meta":{"_acf_changed":false,"_genesis_hide_title":false,"_genesis_hide_breadcrumbs":false,"_genesis_hide_singular_image":false,"_genesis_hide_footer_widgets":false,"_genesis_custom_body_class":"","_genesis_custom_post_class":"","_genesis_layout":"","footnotes":""},"class_list":{"0":"post-3784","1":"page","2":"type-page","3":"status-publish","5":"entry"},"acf":[],"_links":{"self":[{"href":"https:\/\/www.kraenku.se\/test\/wp-json\/wp\/v2\/pages\/3784","targetHints":{"allow":["GET"]}}],"collection":[{"href":"https:\/\/www.kraenku.se\/test\/wp-json\/wp\/v2\/pages"}],"about":[{"href":"https:\/\/www.kraenku.se\/test\/wp-json\/wp\/v2\/types\/page"}],"author":[{"embeddable":true,"href":"https:\/\/www.kraenku.se\/test\/wp-json\/wp\/v2\/users\/1"}],"replies":[{"embeddable":true,"href":"https:\/\/www.kraenku.se\/test\/wp-json\/wp\/v2\/comments?post=3784"}],"version-history":[{"count":7,"href":"https:\/\/www.kraenku.se\/test\/wp-json\/wp\/v2\/pages\/3784\/revisions"}],"predecessor-version":[{"id":4469,"href":"https:\/\/www.kraenku.se\/test\/wp-json\/wp\/v2\/pages\/3784\/revisions\/4469"}],"up":[{"embeddable":true,"href":"https:\/\/www.kraenku.se\/test\/wp-json\/wp\/v2\/pages\/3489"}],"wp:attachment":[{"href":"https:\/\/www.kraenku.se\/test\/wp-json\/wp\/v2\/media?parent=3784"}],"curies":[{"name":"wp","href":"https:\/\/api.w.org\/{rel}","templated":true}]}}