{"id":3637,"date":"2018-12-01T23:30:34","date_gmt":"2018-12-01T22:30:34","guid":{"rendered":"https:\/\/www.kraenku.se\/test\/?page_id=3637"},"modified":"2024-12-04T15:44:58","modified_gmt":"2024-12-04T14:44:58","slug":"folder","status":"publish","type":"page","link":"https:\/\/www.kraenku.se\/test\/tekalender\/folder\/","title":{"rendered":"H\u00e4fte f\u00f6r Kr\u00e4nkus Tekalender 2024"},"content":{"rendered":"<p><a href=\"https:\/\/www.kraenku.se\/test\/wp-content\/uploads\/Tekalender-ha\u0308fte-2024-16-sidor-WEB.pdf\"><img loading=\"lazy\" decoding=\"async\" class=\"aligncenter wp-image-5502 size-full\" src=\"https:\/\/www.kraenku.se\/test\/wp-content\/uploads\/Tekalender-ha\u0308fte-2024-framsida.png\" alt=\"Tekalender ha\u0308fte 2024 framsida\" width=\"800\" height=\"800\" srcset=\"https:\/\/www.kraenku.se\/test\/wp-content\/uploads\/Tekalender-ha\u0308fte-2024-framsida.png 800w, https:\/\/www.kraenku.se\/test\/wp-content\/uploads\/Tekalender-ha\u0308fte-2024-framsida-300x300.png 300w, https:\/\/www.kraenku.se\/test\/wp-content\/uploads\/Tekalender-ha\u0308fte-2024-framsida-150x150.png 150w, https:\/\/www.kraenku.se\/test\/wp-content\/uploads\/Tekalender-ha\u0308fte-2024-framsida-768x768.png 768w\" sizes=\"auto, (max-width: 800px) 100vw, 800px\" \/><\/a><\/p>\n<p style=\"text-align: center;\">Klicka p\u00e5 bilden!<\/p>\n","protected":false},"excerpt":{"rendered":"<p>Klicka p\u00e5 bilden!<\/p>\n","protected":false},"author":2,"featured_media":0,"parent":2736,"menu_order":0,"comment_status":"closed","ping_status":"closed","template":"","meta":{"_acf_changed":false,"_genesis_hide_title":false,"_genesis_hide_breadcrumbs":false,"_genesis_hide_singular_image":false,"_genesis_hide_footer_widgets":false,"_genesis_custom_body_class":"","_genesis_custom_post_class":"","_genesis_layout":"","footnotes":""},"class_list":{"0":"post-3637","1":"page","2":"type-page","3":"status-publish","5":"entry"},"acf":[],"_links":{"self":[{"href":"https:\/\/www.kraenku.se\/test\/wp-json\/wp\/v2\/pages\/3637","targetHints":{"allow":["GET"]}}],"collection":[{"href":"https:\/\/www.kraenku.se\/test\/wp-json\/wp\/v2\/pages"}],"about":[{"href":"https:\/\/www.kraenku.se\/test\/wp-json\/wp\/v2\/types\/page"}],"author":[{"embeddable":true,"href":"https:\/\/www.kraenku.se\/test\/wp-json\/wp\/v2\/users\/2"}],"replies":[{"embeddable":true,"href":"https:\/\/www.kraenku.se\/test\/wp-json\/wp\/v2\/comments?post=3637"}],"version-history":[{"count":10,"href":"https:\/\/www.kraenku.se\/test\/wp-json\/wp\/v2\/pages\/3637\/revisions"}],"predecessor-version":[{"id":5506,"href":"https:\/\/www.kraenku.se\/test\/wp-json\/wp\/v2\/pages\/3637\/revisions\/5506"}],"up":[{"embeddable":true,"href":"https:\/\/www.kraenku.se\/test\/wp-json\/wp\/v2\/pages\/2736"}],"wp:attachment":[{"href":"https:\/\/www.kraenku.se\/test\/wp-json\/wp\/v2\/media?parent=3637"}],"curies":[{"name":"wp","href":"https:\/\/api.w.org\/{rel}","templated":true}]}}