{"id":361,"date":"2011-08-28T23:24:01","date_gmt":"2011-08-28T22:24:01","guid":{"rendered":"http:\/\/www.kraenku.se\/test\/?page_id=361"},"modified":"2024-11-20T10:53:56","modified_gmt":"2024-11-20T09:53:56","slug":"omoss","status":"publish","type":"page","link":"https:\/\/www.kraenku.se\/test\/omoss\/","title":{"rendered":"Om oss"},"content":{"rendered":"<p>Kr\u00e4nku Te &amp; Kaffe \u00e4r en tebutik och ett teblanderi mitt i v\u00e4rldsarvstaden Visby. Vi erbjuder te, kaffe och godis i l\u00f6svikt p\u00e5 gammaldags vis \u00f6ver disk. Vi har \u00f6ver 100 sorters te i sortimentet, och \u00e4r mest k\u00e4nda f\u00f6r v\u00e5ra 40 egna teblandningar. <a href=\"https:\/\/www.kraenku.se\/test\/te\/egnablandningar\/guteblandning\/\">Guteblandning<\/a>&nbsp;blandades f\u00f6r f\u00f6rsta g\u00e5ngen 1978 och \u00e4r b\u00e5de v\u00e5r f\u00f6rsta och mest popul\u00e4ra teblandning.<\/p>\n<p>Du hittar ocks\u00e5 choklad fr\u00e5n hela v\u00e4rlden, burkar, kryddor, gotl\u00e4ndska delikatesser samt en stor porslinsavdelning. Perfekt f\u00f6r b\u00e5de finsmakaren och vardagsnjutaren.<\/p>\n<h2>Hur b\u00f6rjade det?<\/h2>\n<p>H\u00f6sten 1977 f\u00f6rverkligade vi v\u00e5r dr\u00f6m och \u00f6ppnade Kr\u00e4nku, den f\u00f6rsta tebutiken i Visby. D\u00e5 fick vi kontakt med v\u00e5r kunniga televerant\u00f6r, som \u00e4n idag f\u00f6rser oss med te. Ursprungligen hade vi 14 tesorter, bland annat svart vinb\u00e4r och citron. Vi tyckte att en tebutik beh\u00f6ver en egen teblandning och d\u00e5 skapade Sylve Guteblandningen. Den blev och \u00e4r en succ\u00e9 och efter det har det blivit v\u00e5rt signum att g\u00f6ra egna teblandningar, numera \u00f6ver 30 stycken.<\/p>\n<h2>Vad betyder Kr\u00e4nku?<\/h2>\n<p>Kr\u00e4nku \u00e4r gutam\u00e5l och betyder liten rund trebent mj\u00f6lkpall. Varf\u00f6r heter d\u00e5 en tebutik s\u00e5? Vi ville ha ett vackert klingande ord p\u00e5 gutam\u00e5l. V\u00e5rt varum\u00e4rke har d\u00e4rf\u00f6r blivit den av Nisse Hammarstr\u00f6m skapade urguten sittande p\u00e5 kr\u00e4nku med en kopp te.<\/p>\n<h2>Framtiden?<\/h2>\n<p>Vi har nu arbetat med te i \u00f6ver 40 \u00e5r och genomg\u00e5r just nu en sp\u00e4nnande generationsv\u00e4xling. F\u00f6rhoppningen \u00e4r att vi ska forts\u00e4tta erbjuda en riktigt mysig testund f\u00f6r s\u00e5 m\u00e5nga som m\u00f6jligt och m\u00e5let \u00e4r, och har alltid varit, n\u00f6jda kunder. Vi vill forts\u00e4tta att utveckla nya tesorter och sp\u00e4nnande produkter och hoppas kunna bjuda p\u00e5 nya favoriter, allt eftersom smaker och trender f\u00f6r\u00e4ndras. Samtidigt vill vi bevara en gammeldags stil i butiken, men ocks\u00e5 vara nyfikna och erbjuda v\u00e5ra kunder nyheter och kunna m\u00f6ta v\u00e5ra kunder p\u00e5 andra arenor utanf\u00f6r butiken i Visby. Vi \u00f6nskar oss flera trevliga \u00e5r och m\u00e5nga goda testunder f\u00f6r v\u00e5ra kunder.<\/p>\n\n\n<figure class=\"wp-block-image size-full\"><img loading=\"lazy\" decoding=\"async\" width=\"800\" height=\"779\" src=\"https:\/\/www.kraenku.se\/test\/wp-content\/uploads\/Teblandarna-2024-mindre.png\" alt=\"Teblandarna p\u00e5 Kr\u00e4nku\" class=\"wp-image-5472\" srcset=\"https:\/\/www.kraenku.se\/test\/wp-content\/uploads\/Teblandarna-2024-mindre.png 800w, https:\/\/www.kraenku.se\/test\/wp-content\/uploads\/Teblandarna-2024-mindre-300x292.png 300w, https:\/\/www.kraenku.se\/test\/wp-content\/uploads\/Teblandarna-2024-mindre-768x748.png 768w\" sizes=\"auto, (max-width: 800px) 100vw, 800px\" \/><\/figure>\n","protected":false},"excerpt":{"rendered":"<p>Kr\u00e4nku Te &amp; Kaffe \u00e4r en tebutik och ett teblanderi mitt i v\u00e4rldsarvstaden Visby. Vi erbjuder te, kaffe och godis i l\u00f6svikt p\u00e5 gammaldags vis \u00f6ver disk. Vi har \u00f6ver 100 sorters te i sortimentet, och \u00e4r mest k\u00e4nda f\u00f6r v\u00e5ra 40 egna teblandningar. Guteblandning&nbsp;blandades f\u00f6r f\u00f6rsta g\u00e5ngen 1978 och \u00e4r b\u00e5de v\u00e5r f\u00f6rsta och&#8230;&nbsp;<a href=\"https:\/\/www.kraenku.se\/test\/omoss\/\" >L\u00e4s mer \u00bb<\/a><\/p>\n","protected":false},"author":2,"featured_media":0,"parent":0,"menu_order":57,"comment_status":"closed","ping_status":"closed","template":"","meta":{"_acf_changed":false,"_genesis_hide_title":false,"_genesis_hide_breadcrumbs":false,"_genesis_hide_singular_image":false,"_genesis_hide_footer_widgets":false,"_genesis_custom_body_class":"","_genesis_custom_post_class":"","_genesis_layout":"","footnotes":""},"class_list":{"0":"post-361","1":"page","2":"type-page","3":"status-publish","5":"entry"},"acf":[],"_links":{"self":[{"href":"https:\/\/www.kraenku.se\/test\/wp-json\/wp\/v2\/pages\/361","targetHints":{"allow":["GET"]}}],"collection":[{"href":"https:\/\/www.kraenku.se\/test\/wp-json\/wp\/v2\/pages"}],"about":[{"href":"https:\/\/www.kraenku.se\/test\/wp-json\/wp\/v2\/types\/page"}],"author":[{"embeddable":true,"href":"https:\/\/www.kraenku.se\/test\/wp-json\/wp\/v2\/users\/2"}],"replies":[{"embeddable":true,"href":"https:\/\/www.kraenku.se\/test\/wp-json\/wp\/v2\/comments?post=361"}],"version-history":[{"count":14,"href":"https:\/\/www.kraenku.se\/test\/wp-json\/wp\/v2\/pages\/361\/revisions"}],"predecessor-version":[{"id":5473,"href":"https:\/\/www.kraenku.se\/test\/wp-json\/wp\/v2\/pages\/361\/revisions\/5473"}],"wp:attachment":[{"href":"https:\/\/www.kraenku.se\/test\/wp-json\/wp\/v2\/media?parent=361"}],"curies":[{"name":"wp","href":"https:\/\/api.w.org\/{rel}","templated":true}]}}