{"id":3608,"date":"2018-10-31T18:03:02","date_gmt":"2018-10-31T17:03:02","guid":{"rendered":"https:\/\/www.kraenku.se\/test\/?page_id=3608"},"modified":"2021-10-28T16:16:00","modified_gmt":"2021-10-28T15:16:00","slug":"var-hittar-jag-information-om-min-bestallning","status":"publish","type":"page","link":"https:\/\/www.kraenku.se\/test\/faq\/var-hittar-jag-information-om-min-bestallning\/","title":{"rendered":"Var hittar jag information om min best\u00e4llning?"},"content":{"rendered":"<p><em>Vill du ha information om din betalning l\u00e4s <a href=\"https:\/\/www.kraenku.se\/test\/faq\/var-hittar-jag-information-om-min-betalning\/\">h\u00e4r<\/a>.<\/em><\/p>\n<p>Du kan hitta all information om din best\u00e4llning om du <strong><a href=\"\/shop\/my-account\">loggar in i v\u00e5r webbshop<\/a><\/strong>.<\/p>\n<p>Om du best\u00e4llt som g\u00e4st och saknar inloggningsuppgifter kan se information p\u00e5 <strong><a href=\"\/shop\/guest-tracking\">denna sida<\/a><\/strong> med hj\u00e4lp av din e-postadress och best\u00e4llningens id.<\/p>\n<p>Det skickas ocks\u00e5 en orderbekr\u00e4ftelse till den e-postadress du uppgav vid best\u00e4llningstillf\u00e4llet. Om du inte f\u00e5tt n\u00e5gon e-post kontrollera din skr\u00e4ppost.<\/p>\n<p>Under perioder med h\u00f6g belastning i v\u00e5r webbshop kan det dr\u00f6ja innan all e-post n\u00e5r sin mottagare. Vid lanseringen av v\u00e5r tekalender kan det dr\u00f6ja upp till 6 timmar.<\/p>\n<p>Om du har f\u00e5tt ett SMS som bekr\u00e4ftelse p\u00e5 din best\u00e4llning betyder det att best\u00e4llningen registrerats.<\/p>\n<p>I appen <a href=\"https:\/\/www.minapaket.se\/\"><strong>Mina Paket<\/strong><\/a> kan du enkelt sp\u00e5ra dina paket, f\u00e5 l\u00f6pande information och aviseringar om var ditt paket \u00e4r och n\u00e4r det finns att h\u00e4mta. Registrera samma e-post i appen som du anv\u00e4nder i Kr\u00e4nkus webbshop.<\/p>\n<p>Har du best\u00e4llt presentkort kan du hitta mer information om leveranstider <a href=\"\/faq\/nar-levereras-presentkortet-jag-bestallt\/\">h\u00e4r<\/a>.<\/p>\n<p>Har du ytterligare fr\u00e5gor \u00e4r du v\u00e4lkommen att <strong><a href=\"\/kontakt\/\">kontakta oss<\/a><\/strong>. Ha g\u00e4rna id f\u00f6r din best\u00e4llning n\u00e4ra tillhands f\u00f6r att underl\u00e4tta f\u00f6r dig och oss i hanteringen av ditt \u00e4rende.<\/p>\n<p><a href=\"https:\/\/www.unifaun.com\/sv\/minapaket\/\"><img loading=\"lazy\" decoding=\"async\" class=\"aligncenter wp-image-4697 size-full\" src=\"https:\/\/www.kraenku.se\/test\/wp-content\/uploads\/Mina-paket-mobil-app-2021-WEB.png\" alt=\"\" width=\"150\" height=\"300\" \/><\/a><\/p>\n","protected":false},"excerpt":{"rendered":"<p>Vill du ha information om din betalning l\u00e4s h\u00e4r. Du kan hitta all information om din best\u00e4llning om du loggar in i v\u00e5r webbshop. Om du best\u00e4llt som g\u00e4st och saknar inloggningsuppgifter kan se information p\u00e5 denna sida med hj\u00e4lp av din e-postadress och best\u00e4llningens id. Det skickas ocks\u00e5 en orderbekr\u00e4ftelse till den e-postadress du&#8230;&nbsp;<a href=\"https:\/\/www.kraenku.se\/test\/faq\/var-hittar-jag-information-om-min-bestallning\/\" >L\u00e4s mer \u00bb<\/a><\/p>\n","protected":false},"author":1,"featured_media":0,"parent":3489,"menu_order":23,"comment_status":"closed","ping_status":"closed","template":"","meta":{"_acf_changed":false,"_genesis_hide_title":false,"_genesis_hide_breadcrumbs":false,"_genesis_hide_singular_image":false,"_genesis_hide_footer_widgets":false,"_genesis_custom_body_class":"","_genesis_custom_post_class":"","_genesis_layout":"","footnotes":""},"class_list":{"0":"post-3608","1":"page","2":"type-page","3":"status-publish","5":"entry"},"acf":[],"_links":{"self":[{"href":"https:\/\/www.kraenku.se\/test\/wp-json\/wp\/v2\/pages\/3608","targetHints":{"allow":["GET"]}}],"collection":[{"href":"https:\/\/www.kraenku.se\/test\/wp-json\/wp\/v2\/pages"}],"about":[{"href":"https:\/\/www.kraenku.se\/test\/wp-json\/wp\/v2\/types\/page"}],"author":[{"embeddable":true,"href":"https:\/\/www.kraenku.se\/test\/wp-json\/wp\/v2\/users\/1"}],"replies":[{"embeddable":true,"href":"https:\/\/www.kraenku.se\/test\/wp-json\/wp\/v2\/comments?post=3608"}],"version-history":[{"count":10,"href":"https:\/\/www.kraenku.se\/test\/wp-json\/wp\/v2\/pages\/3608\/revisions"}],"predecessor-version":[{"id":4698,"href":"https:\/\/www.kraenku.se\/test\/wp-json\/wp\/v2\/pages\/3608\/revisions\/4698"}],"up":[{"embeddable":true,"href":"https:\/\/www.kraenku.se\/test\/wp-json\/wp\/v2\/pages\/3489"}],"wp:attachment":[{"href":"https:\/\/www.kraenku.se\/test\/wp-json\/wp\/v2\/media?parent=3608"}],"curies":[{"name":"wp","href":"https:\/\/api.w.org\/{rel}","templated":true}]}}