{"id":3489,"date":"2018-05-23T20:52:47","date_gmt":"2018-05-23T19:52:47","guid":{"rendered":"http:\/\/www.kraenku.se\/test\/?page_id=3489"},"modified":"2024-04-25T07:49:12","modified_gmt":"2024-04-25T06:49:12","slug":"faq","status":"publish","type":"page","link":"https:\/\/www.kraenku.se\/test\/faq\/","title":{"rendered":"Vanliga fr\u00e5gor"},"content":{"rendered":"\n<h4 class=\"wp-block-heading\"><strong>Inneh\u00e5ller era teblandningar n\u00e5gra allergener?<\/strong><\/h4>\n\n\n\n<p><em>V\u00e5ra egna teblandningar inneh\u00e5ller inga allergener. Vi tills\u00e4tter inget socker, gluten, laktos, inga n\u00f6tter eller animaliska produkter vid blandning. Du hittar ingredienser under respektive <a href=\"http:\/\/www.kraenku.se\/test\/shop\/egna-teblandningar\">teblandning<\/a> i webbshoppen.<\/em><\/p>\n\n\n\n<h4 class=\"wp-block-heading\"><strong>Hur ska jag k\u00e4llsortera den vita f\u00f6rpackningen som teet kommer i?<\/strong> <\/h4>\n\n\n\n<p><em>Den vita p\u00e5sen sorteras som pappersf\u00f6rpackning. Dubbelkolla&nbsp;g\u00e4rna om lokala avvikelser f\u00f6rekommer p\u00e5 din ort.<\/em> <em>H\u00e4r kan du l\u00e4sa mer om v\u00e5rt arbete kring <a href=\"https:\/\/www.kraenku.se\/test\/framtid\/\">milj\u00f6 och h\u00e5llbarhet<\/a>.<\/em><\/p>\n\n\n\n<h4 class=\"wp-block-heading\"><strong>Hur ska jag k\u00e4llsortera Kr\u00e4nkus vita och bruna kaffetuber?<\/strong><\/h4>\n\n\n\n<p><em>Vi packar alla v\u00e5ra kaffesorter i en papperstub eller i en papperp\u00e5se i en yttre pappl\u00e5da. Allt sorteras som pappersf\u00f6rpackning. Dubbelkolla\u00a0g\u00e4rna om lokala avvikelser f\u00f6rekommer p\u00e5 din ort.<\/em> <em>H\u00e4r kan du l\u00e4sa mer om v\u00e5rt arbete kring <a href=\"https:\/\/www.kraenku.se\/test\/framtid\/\">milj\u00f6 och h\u00e5llbarhet<\/a>.<\/em><\/p>\n\n\n\n<h4 class=\"wp-block-heading\"><strong>Hur ska jag k\u00e4llsortera pl\u00e5tburkarna som Kr\u00e4nkus te packas i?<\/strong><\/h4>\n\n\n\n<p><em>Den vita eller silvriga pl\u00e5tburken och pl\u00e5tburken i egen design med vit botten sorteras som metallf\u00f6rpackning. Dubbelkolla\u00a0g\u00e4rna om lokala avvikelser f\u00f6rekommer p\u00e5 din ort.<\/em> <em>H\u00e4r kan du l\u00e4sa mer om v\u00e5rt arbete kring <a href=\"https:\/\/www.kraenku.se\/test\/framtid\/\">milj\u00f6 och h\u00e5llbarhet<\/a>.<\/em><\/p>\n\n\n\n<h4 class=\"wp-block-heading\"><strong>Hur hanterar ni mina kunduppgifter?<\/strong> <\/h4>\n\n\n\n<p><em>N\u00e4r du registrerat dig och best\u00e4llt i v\u00e5r webbshop har du godk\u00e4nt att vi lagrar och anv\u00e4nder dina uppgifter i v\u00e5r verksamhet f\u00f6r att fullf\u00f6lja avtalet gentemot dig. Vi anv\u00e4nder g\u00e4ngse s\u00e4kerhetsrutiner f\u00f6r att tryggt f\u00f6rvara dina uppgifter.<\/em><\/p>\n\n\n\n<p><em>Du har enligt Allm\u00e4nna dataskyddsf\u00f6rordningen (GDPR) r\u00e4tt att f\u00e5 den information som vi har registrerat om dig. Dessa uppgifter \u00e4r:<\/em><\/p>\n\n\n\n<ul class=\"wp-block-list\">\n<li><em>Namn<\/em><\/li>\n\n\n\n<li><em>Adress<\/em><\/li>\n\n\n\n<li><em>Mobilnummer<\/em><\/li>\n\n\n\n<li><em>E-postadress<\/em><\/li>\n<\/ul>\n\n\n\n<p><em>Du kan n\u00e4r som helst beg\u00e4ra att f\u00e5 ut uppgifter, eller be oss radera dina uppgifter, genom att kontakta oss. Kontakta oss i s\u00e5 fall via e-post p\u00e5 kontakt@kraenku.se<\/em><\/p>\n\n\n\n<h4 class=\"wp-block-heading\"><strong>Var hittar jag information om min best\u00e4llning?<\/strong> <\/h4>\n\n\n\n<p><em>Vi har sammanst\u00e4llt var du kan hitta informationen <\/em><a href=\"https:\/\/www.kraenku.se\/test\/faq\/var-hittar-jag-information-om-min-bestallning\/\"><em>h\u00e4r<\/em><\/a><em>. <\/em><\/p>\n\n\n\n<h4 class=\"wp-block-heading\">Var hittar jag information om min betalning?<\/h4>\n\n\n\n<p><em>Vi har sammanst\u00e4llt var du kan hitta informationen <a href=\"https:\/\/www.kraenku.se\/test\/faq\/var-hittar-jag-information-om-min-betalning\/\">h\u00e4r<\/a>.<\/em><\/p>\n\n\n\n<h4 class=\"wp-block-heading\"><strong>Var \u00e4r mitt paket?<\/strong> <\/h4>\n\n\n\n<p><em>Om du f\u00e5tt e-post fr\u00e5n oss att din best\u00e4llning \u00e4r p\u00e5 v\u00e4g brukar det dr\u00f6ja h\u00f6gst n\u00e5gra dagar innan det n\u00e5r ditt ombud. <\/em><a href=\"https:\/\/www.kraenku.se\/test\/faq\/var-ar-mitt-paket\/\"><em>L\u00e4s mer h\u00e4r<\/em><\/a><em>. <\/em><\/p>\n\n\n\n<h4 class=\"wp-block-heading\">Vad g\u00f6r jag om mitt paket har skickats tillbaka fr\u00e5n ombudet?<\/h4>\n\n\n<!-- wp:paragraph -->\n<p><em>Tv\u00e5 veckor efter ditt paket har kommit fram till ditt ombud skickas det tillbaka till oss. N\u00e4r vi f\u00e5tt tillbaka ditt paketet f\u00f6rs\u00f6ker vi kontakta dig.<\/em><\/p>\n<!-- \/wp:paragraph -->\n\n<!-- wp:paragraph -->\n<p><em>Om vi inte lyckas n\u00e5 dig via e-post skickar vi ett SMS. Om du har f\u00e5tt ett s\u00e5nt SMS kan du <\/em><a href=\"\/shop\/my-account\"><em>logga in i v\u00e5r webbshop<\/em><\/a><em> f\u00f6r att se v\u00e5ra meddelanden till dig.<\/em><\/p>\n<!-- \/wp:paragraph -->\n\n<!-- wp:paragraph -->\n<p><em>Det g\u00e5r \u00e4ven bra att kontakta oss p\u00e5 <\/em><a href=\"\/kontakt\/\"><em>annat s\u00e4tt<\/em><\/a><em>.<\/em><\/p>\n<!-- \/wp:paragraph -->\n\n\n<div class=\"wp-block-image\">\n<figure class=\"aligncenter size-large\"><img loading=\"lazy\" decoding=\"async\" width=\"500\" height=\"500\" src=\"https:\/\/www.kraenku.se\/test\/wp-content\/uploads\/Kra\u0308nku-FAQ.png\" alt=\"Kra\u0308nku FAQ\" class=\"wp-image-3492\" srcset=\"https:\/\/www.kraenku.se\/test\/wp-content\/uploads\/Kra\u0308nku-FAQ.png 500w, https:\/\/www.kraenku.se\/test\/wp-content\/uploads\/Kra\u0308nku-FAQ-150x150.png 150w, https:\/\/www.kraenku.se\/test\/wp-content\/uploads\/Kra\u0308nku-FAQ-300x300.png 300w\" sizes=\"auto, (max-width: 500px) 100vw, 500px\" \/><\/figure><\/div>","protected":false},"excerpt":{"rendered":"<p>Inneh\u00e5ller era teblandningar n\u00e5gra allergener? V\u00e5ra egna teblandningar inneh\u00e5ller inga allergener. Vi tills\u00e4tter inget socker, gluten, laktos, inga n\u00f6tter eller animaliska produkter vid blandning. Du hittar ingredienser under respektive teblandning i webbshoppen. Hur ska jag k\u00e4llsortera den vita f\u00f6rpackningen som teet kommer i? Den vita p\u00e5sen sorteras som pappersf\u00f6rpackning. Dubbelkolla&nbsp;g\u00e4rna om lokala avvikelser f\u00f6rekommer p\u00e5&#8230;&nbsp;<a href=\"https:\/\/www.kraenku.se\/test\/faq\/\" >L\u00e4s mer \u00bb<\/a><\/p>\n","protected":false},"author":2,"featured_media":3492,"parent":0,"menu_order":14,"comment_status":"closed","ping_status":"closed","template":"","meta":{"_acf_changed":false,"_genesis_hide_title":false,"_genesis_hide_breadcrumbs":false,"_genesis_hide_singular_image":false,"_genesis_hide_footer_widgets":false,"_genesis_custom_body_class":"","_genesis_custom_post_class":"","_genesis_layout":"","footnotes":""},"class_list":{"0":"post-3489","1":"page","2":"type-page","3":"status-publish","4":"has-post-thumbnail","6":"entry"},"acf":[],"_links":{"self":[{"href":"https:\/\/www.kraenku.se\/test\/wp-json\/wp\/v2\/pages\/3489","targetHints":{"allow":["GET"]}}],"collection":[{"href":"https:\/\/www.kraenku.se\/test\/wp-json\/wp\/v2\/pages"}],"about":[{"href":"https:\/\/www.kraenku.se\/test\/wp-json\/wp\/v2\/types\/page"}],"author":[{"embeddable":true,"href":"https:\/\/www.kraenku.se\/test\/wp-json\/wp\/v2\/users\/2"}],"replies":[{"embeddable":true,"href":"https:\/\/www.kraenku.se\/test\/wp-json\/wp\/v2\/comments?post=3489"}],"version-history":[{"count":25,"href":"https:\/\/www.kraenku.se\/test\/wp-json\/wp\/v2\/pages\/3489\/revisions"}],"predecessor-version":[{"id":5349,"href":"https:\/\/www.kraenku.se\/test\/wp-json\/wp\/v2\/pages\/3489\/revisions\/5349"}],"wp:featuredmedia":[{"embeddable":true,"href":"https:\/\/www.kraenku.se\/test\/wp-json\/wp\/v2\/media\/3492"}],"wp:attachment":[{"href":"https:\/\/www.kraenku.se\/test\/wp-json\/wp\/v2\/media?parent=3489"}],"curies":[{"name":"wp","href":"https:\/\/api.w.org\/{rel}","templated":true}]}}