{"id":314,"date":"2011-07-26T17:28:27","date_gmt":"2011-07-26T16:28:27","guid":{"rendered":"http:\/\/www.kraenku.se\/test\/?page_id=314"},"modified":"2020-01-23T21:55:24","modified_gmt":"2020-01-23T20:55:24","slug":"ort","status":"publish","type":"page","link":"https:\/\/www.kraenku.se\/test\/te\/ort\/","title":{"rendered":"\u00d6rtte"},"content":{"rendered":"<p>Drycker som bryggs av andra v\u00e4xter kallas f\u00f6r \u00f6rtte, trots att de inte inneh\u00e5ller n\u00e5got fr\u00e5n tebusken.<\/p>\n<p>Vi skapade under v\u00e5rt jubileums\u00e5r 2017 v\u00e5rt f\u00f6rsta egna \u00f6rtte som Disembar. Den fick 2019 en permanent plats i sortimentet som <a href=\"\/te\/egnablandningar\/gotlandsk-vinterblandning\/\">Gotl\u00e4ndsk Vinterblandning<\/a>.<\/p>\n<p>Alla v\u00e5ra \u00f6rtteer i sortimentet hittar du i v\u00e5r <a title=\"Kr\u00e4nkus webbshop\" href=\"\/shop\/ortte\">webbshop<\/a>.<\/p>\n","protected":false},"excerpt":{"rendered":"<p>Drycker som bryggs av andra v\u00e4xter kallas f\u00f6r \u00f6rtte, trots att de inte inneh\u00e5ller n\u00e5got fr\u00e5n tebusken. Vi skapade under v\u00e5rt jubileums\u00e5r 2017 v\u00e5rt f\u00f6rsta egna \u00f6rtte som Disembar. Den fick 2019 en permanent plats i sortimentet som Gotl\u00e4ndsk Vinterblandning. Alla v\u00e5ra \u00f6rtteer i sortimentet hittar du i v\u00e5r webbshop.<\/p>\n","protected":false},"author":1,"featured_media":0,"parent":936,"menu_order":62,"comment_status":"open","ping_status":"closed","template":"","meta":{"_acf_changed":false,"_genesis_hide_title":false,"_genesis_hide_breadcrumbs":false,"_genesis_hide_singular_image":false,"_genesis_hide_footer_widgets":false,"_genesis_custom_body_class":"","_genesis_custom_post_class":"","_genesis_layout":"","footnotes":""},"class_list":{"0":"post-314","1":"page","2":"type-page","3":"status-publish","5":"entry"},"acf":[],"_links":{"self":[{"href":"https:\/\/www.kraenku.se\/test\/wp-json\/wp\/v2\/pages\/314","targetHints":{"allow":["GET"]}}],"collection":[{"href":"https:\/\/www.kraenku.se\/test\/wp-json\/wp\/v2\/pages"}],"about":[{"href":"https:\/\/www.kraenku.se\/test\/wp-json\/wp\/v2\/types\/page"}],"author":[{"embeddable":true,"href":"https:\/\/www.kraenku.se\/test\/wp-json\/wp\/v2\/users\/1"}],"replies":[{"embeddable":true,"href":"https:\/\/www.kraenku.se\/test\/wp-json\/wp\/v2\/comments?post=314"}],"version-history":[{"count":24,"href":"https:\/\/www.kraenku.se\/test\/wp-json\/wp\/v2\/pages\/314\/revisions"}],"predecessor-version":[{"id":4154,"href":"https:\/\/www.kraenku.se\/test\/wp-json\/wp\/v2\/pages\/314\/revisions\/4154"}],"up":[{"embeddable":true,"href":"https:\/\/www.kraenku.se\/test\/wp-json\/wp\/v2\/pages\/936"}],"wp:attachment":[{"href":"https:\/\/www.kraenku.se\/test\/wp-json\/wp\/v2\/media?parent=314"}],"curies":[{"name":"wp","href":"https:\/\/api.w.org\/{rel}","templated":true}]}}