{"id":310,"date":"2011-07-26T15:40:01","date_gmt":"2011-07-26T14:40:01","guid":{"rendered":"http:\/\/www.kraenku.se\/test\/?page_id=310"},"modified":"2020-01-23T21:43:02","modified_gmt":"2020-01-23T20:43:02","slug":"rooibos","status":"publish","type":"page","link":"https:\/\/www.kraenku.se\/test\/te\/rooibos\/","title":{"rendered":"Rooibos"},"content":{"rendered":"<p style=\"text-align: center;\"><a href=\"\/wp-content\/uploads\/Rooibos1.png\"><img loading=\"lazy\" decoding=\"async\" class=\"aligncenter size-medium wp-image-1439\" title=\"Rooibos\" src=\"\/wp-content\/uploads\/Rooibos1-300x150.png\" alt=\"Rooibos\" width=\"300\" height=\"150\" srcset=\"https:\/\/www.kraenku.se\/test\/wp-content\/uploads\/Rooibos1-300x150.png 300w, https:\/\/www.kraenku.se\/test\/wp-content\/uploads\/Rooibos1.png 800w\" sizes=\"auto, (max-width: 300px) 100vw, 300px\" \/><\/a><\/p>\n<p>Rooibos, \u00e4ven kallat r\u00f6tt te, g\u00f6rs av de \u00f6versta kvistarna p\u00e5 Rooibosbusken, vilken tillh\u00f6r familjen \u00e4rtv\u00e4xter och enbart p\u00e5tr\u00e4ffas i s\u00f6dra Afrika. Kvistarna sk\u00f6rdas, torkas och j\u00e4ses innan de \u00e4r redo att l\u00e4ggas i koppen.<\/p>\n<p>V\u00e4xten har anv\u00e4nts under tusentals \u00e5r av den lokala befolkningen som medicinalv\u00e4xt. Drycken anses nyttig d\u00e5 det \u00e4r helt teinfritt, inneh\u00e5ller h\u00f6ga halter antioxidanter och har l\u00e5g garvsyrehalt. Rooibos inneh\u00e5ller \u00e4ven kalcium, j\u00e4rn, zink, magnesium och fluor.<\/p>\n<p>Redan p\u00e5 1700-talet uppt\u00e4cktes v\u00e4xten av Carl Peter Thunberg och det var han som gav busken dess latinska namn och spred kunskap om egenskaperna i Europa. Fram tills nyligen har Rooibos varit relativt ok\u00e4nt i Sverige men har p\u00e5 sistone blivit v\u00e4ldigt popul\u00e4rt. Roobios kan smaks\u00e4ttas precis som te, med till exempel apelsin, champagne och vanilj. Vi har f\u00f6rst\u00e5s v\u00e5r egen blandning, <a title=\"Den Raude\" href=\"\/te\/egnablandningar\/den-raude\/\">Den Raude<\/a>.<\/p>\n<p>Du hittar alla r\u00f6da teer i v\u00e5rt sortimentet i v\u00e5r <a title=\"Kr\u00e4nkus webbshop\" href=\"\/shop\/rott-te\">webbshop<\/a>.<\/p>\n","protected":false},"excerpt":{"rendered":"<p>Rooibos, \u00e4ven kallat r\u00f6tt te, g\u00f6rs av de \u00f6versta kvistarna p\u00e5 Rooibosbusken, vilken tillh\u00f6r familjen \u00e4rtv\u00e4xter och enbart p\u00e5tr\u00e4ffas i s\u00f6dra Afrika. Kvistarna sk\u00f6rdas, torkas och j\u00e4ses innan de \u00e4r redo att l\u00e4ggas i koppen. V\u00e4xten har anv\u00e4nts under tusentals \u00e5r av den lokala befolkningen som medicinalv\u00e4xt. Drycken anses nyttig d\u00e5 det \u00e4r helt teinfritt,&#8230;&nbsp;<a href=\"https:\/\/www.kraenku.se\/test\/te\/rooibos\/\" >L\u00e4s mer \u00bb<\/a><\/p>\n","protected":false},"author":1,"featured_media":1439,"parent":936,"menu_order":61,"comment_status":"open","ping_status":"closed","template":"","meta":{"_acf_changed":false,"_genesis_hide_title":false,"_genesis_hide_breadcrumbs":false,"_genesis_hide_singular_image":false,"_genesis_hide_footer_widgets":false,"_genesis_custom_body_class":"","_genesis_custom_post_class":"","_genesis_layout":"","footnotes":""},"class_list":{"0":"post-310","1":"page","2":"type-page","3":"status-publish","4":"has-post-thumbnail","6":"entry"},"acf":[],"_links":{"self":[{"href":"https:\/\/www.kraenku.se\/test\/wp-json\/wp\/v2\/pages\/310","targetHints":{"allow":["GET"]}}],"collection":[{"href":"https:\/\/www.kraenku.se\/test\/wp-json\/wp\/v2\/pages"}],"about":[{"href":"https:\/\/www.kraenku.se\/test\/wp-json\/wp\/v2\/types\/page"}],"author":[{"embeddable":true,"href":"https:\/\/www.kraenku.se\/test\/wp-json\/wp\/v2\/users\/1"}],"replies":[{"embeddable":true,"href":"https:\/\/www.kraenku.se\/test\/wp-json\/wp\/v2\/comments?post=310"}],"version-history":[{"count":15,"href":"https:\/\/www.kraenku.se\/test\/wp-json\/wp\/v2\/pages\/310\/revisions"}],"predecessor-version":[{"id":4148,"href":"https:\/\/www.kraenku.se\/test\/wp-json\/wp\/v2\/pages\/310\/revisions\/4148"}],"up":[{"embeddable":true,"href":"https:\/\/www.kraenku.se\/test\/wp-json\/wp\/v2\/pages\/936"}],"wp:featuredmedia":[{"embeddable":true,"href":"https:\/\/www.kraenku.se\/test\/wp-json\/wp\/v2\/media\/1439"}],"wp:attachment":[{"href":"https:\/\/www.kraenku.se\/test\/wp-json\/wp\/v2\/media?parent=310"}],"curies":[{"name":"wp","href":"https:\/\/api.w.org\/{rel}","templated":true}]}}