{"id":299,"date":"2011-07-26T14:32:37","date_gmt":"2011-07-26T13:32:37","guid":{"rendered":"http:\/\/www.kraenku.se\/test\/?page_id=299"},"modified":"2020-01-23T21:41:34","modified_gmt":"2020-01-23T20:41:34","slug":"gront","status":"publish","type":"page","link":"https:\/\/www.kraenku.se\/test\/te\/gront\/","title":{"rendered":"Gr\u00f6nt te"},"content":{"rendered":"<p style=\"text-align: center;\"><a href=\"\/wp-content\/uploads\/GrontTe.png\"><img loading=\"lazy\" decoding=\"async\" class=\"aligncenter size-medium wp-image-1447\" title=\"Gr\u00f6nt te\" src=\"\/wp-content\/uploads\/GrontTe-300x111.png\" alt=\"Gr\u00f6nt te\" width=\"300\" height=\"111\" srcset=\"https:\/\/www.kraenku.se\/test\/wp-content\/uploads\/GrontTe-300x111.png 300w, https:\/\/www.kraenku.se\/test\/wp-content\/uploads\/GrontTe.png 559w\" sizes=\"auto, (max-width: 300px) 100vw, 300px\" \/><\/a><\/p>\n<p>Trots att svart te de senaste \u00e5rhundradena varit popul\u00e4rast i v\u00e4stv\u00e4rlden s\u00e5 har det gr\u00f6na teet alltid haft den dominerade rollen i Asien och framf\u00f6r allt i Kina. P\u00e5 senare \u00e5r har dock konsumtionen av gr\u00f6nt te \u00f6kat i Sverige, f\u00f6rmodligen fr\u00e4mst tack vare de h\u00e4lsosamma effekter som det tillskrivs bland annat p\u00e5 grund av sitt inneh\u00e5ll av antioxidanter.<\/p>\n<p>Efter plockning behandlas gr\u00f6nt och svart te olika. Det som skiljer \u00e4r att man hettar upp det gr\u00f6na teet f\u00f6r att avbryta oxideringen. S\u00e4ttet f\u00f6r upphettning skiljer sig mellan att man Kina rostar de flesta sorterna och Japan \u00e5ngar man bladen.<\/p>\n<p>Kr\u00e4nkus egna gr\u00f6na blandning \u00e4r ett smaksatt som heter <a title=\"Sylves Lilla Gr\u00f6na\" href=\"\/te\/egnablandningar\/sylves-lilla-grona\/\">Sylves lilla gr\u00f6na<\/a>. Vi har \u00e4ven <a title=\"S:t Hanskvartersblandning\" href=\"\/te\/egnablandningar\/st-hanskvartersblandning\/\">S:t Hanskvartersblandning<\/a> som \u00e4r blandat svart och gr\u00f6nt te.<\/p>\n<p>Du hittar alla gr\u00f6na teer i v\u00e5rt sortimentet i v\u00e5r <a title=\"Kr\u00e4nkus webbshop\" href=\"\/shop\/gront-te\">webbshop<\/a>.<\/p>\n","protected":false},"excerpt":{"rendered":"<p>Trots att svart te de senaste \u00e5rhundradena varit popul\u00e4rast i v\u00e4stv\u00e4rlden s\u00e5 har det gr\u00f6na teet alltid haft den dominerade rollen i Asien och framf\u00f6r allt i Kina. P\u00e5 senare \u00e5r har dock konsumtionen av gr\u00f6nt te \u00f6kat i Sverige, f\u00f6rmodligen fr\u00e4mst tack vare de h\u00e4lsosamma effekter som det tillskrivs bland annat p\u00e5 grund av&#8230;&nbsp;<a href=\"https:\/\/www.kraenku.se\/test\/te\/gront\/\" >L\u00e4s mer \u00bb<\/a><\/p>\n","protected":false},"author":1,"featured_media":1447,"parent":936,"menu_order":60,"comment_status":"open","ping_status":"closed","template":"","meta":{"_acf_changed":false,"_genesis_hide_title":false,"_genesis_hide_breadcrumbs":false,"_genesis_hide_singular_image":false,"_genesis_hide_footer_widgets":false,"_genesis_custom_body_class":"","_genesis_custom_post_class":"","_genesis_layout":"","footnotes":""},"class_list":{"0":"post-299","1":"page","2":"type-page","3":"status-publish","4":"has-post-thumbnail","6":"entry"},"acf":[],"_links":{"self":[{"href":"https:\/\/www.kraenku.se\/test\/wp-json\/wp\/v2\/pages\/299","targetHints":{"allow":["GET"]}}],"collection":[{"href":"https:\/\/www.kraenku.se\/test\/wp-json\/wp\/v2\/pages"}],"about":[{"href":"https:\/\/www.kraenku.se\/test\/wp-json\/wp\/v2\/types\/page"}],"author":[{"embeddable":true,"href":"https:\/\/www.kraenku.se\/test\/wp-json\/wp\/v2\/users\/1"}],"replies":[{"embeddable":true,"href":"https:\/\/www.kraenku.se\/test\/wp-json\/wp\/v2\/comments?post=299"}],"version-history":[{"count":18,"href":"https:\/\/www.kraenku.se\/test\/wp-json\/wp\/v2\/pages\/299\/revisions"}],"predecessor-version":[{"id":4147,"href":"https:\/\/www.kraenku.se\/test\/wp-json\/wp\/v2\/pages\/299\/revisions\/4147"}],"up":[{"embeddable":true,"href":"https:\/\/www.kraenku.se\/test\/wp-json\/wp\/v2\/pages\/936"}],"wp:featuredmedia":[{"embeddable":true,"href":"https:\/\/www.kraenku.se\/test\/wp-json\/wp\/v2\/media\/1447"}],"wp:attachment":[{"href":"https:\/\/www.kraenku.se\/test\/wp-json\/wp\/v2\/media?parent=299"}],"curies":[{"name":"wp","href":"https:\/\/api.w.org\/{rel}","templated":true}]}}