{"id":2834,"date":"2016-04-04T20:34:18","date_gmt":"2016-04-04T19:34:18","guid":{"rendered":"http:\/\/www.kraenku.se\/test\/?page_id=2834"},"modified":"2023-09-14T18:39:04","modified_gmt":"2023-09-14T17:39:04","slug":"teplanta","status":"publish","type":"page","link":"https:\/\/www.kraenku.se\/test\/teplanta\/","title":{"rendered":"Teplantor fr\u00e5n Kr\u00e4nku"},"content":{"rendered":"<p><img loading=\"lazy\" decoding=\"async\" class=\"aligncenter wp-image-5178 size-medium\" src=\"https:\/\/www.kraenku.se\/test\/wp-content\/uploads\/Teplanta-2023-WEB-300x300.png\" alt=\"Teplanta 2023\" width=\"300\" height=\"300\" srcset=\"https:\/\/www.kraenku.se\/test\/wp-content\/uploads\/Teplanta-2023-WEB-300x300.png 300w, https:\/\/www.kraenku.se\/test\/wp-content\/uploads\/Teplanta-2023-WEB-150x150.png 150w, https:\/\/www.kraenku.se\/test\/wp-content\/uploads\/Teplanta-2023-WEB-768x768.png 768w, https:\/\/www.kraenku.se\/test\/wp-content\/uploads\/Teplanta-2023-WEB.png 1000w\" sizes=\"auto, (max-width: 300px) 100vw, 300px\" \/><\/p>\n<p>Drycken <a title=\"Om te\" href=\"http:\/\/www.kraenku.se\/test\/te\/om\/\">te<\/a> har avnjutits av m\u00e4nniskan\u00a0i \u00e5rhundraden och redan p\u00e5 1700-talet f\u00f6rs\u00f6kte sig Carl von Linn\u00e9 p\u00e5 att odla te i Sverige. Nu \u00e4r det v\u00e5r tur!<\/p>\n<p>Kr\u00e4nku Te &amp; Kaffe har tillsammans med agronomen Mikael och f\u00f6retaget <a title=\"Verdure\" href=\"http:\/\/www.verdure.se\/\">Verdure<\/a> startat upp projektet Camellia Sinensis Gotland, d\u00e4r hundratals <a title=\"Teodling p\u00e5 Gotland\" href=\"http:\/\/www.kraenku.se\/test\/teodling\/\">teplantor planterades i Eskelhem<\/a> p\u00e5 Gotland.\u00a0V\u00e5r och sommar s\u00e4ljer\u00a0Kr\u00e4nku importerade teplantor styckvis i <a title=\"Butiken\" href=\"http:\/\/www.kraenku.se\/test\/butiken\/\">butiken i Visby<\/a>\u00a0och <a href=\"http:\/\/www.kraenku.se\/test\/shop\/teplanta.html\">i v\u00e5r webbshop<\/a> s\u00e5 att du kan ta vid d\u00e4r Linn\u00e9 slutade.<\/p>\n<p><em><strong>Sk\u00f6tselr\u00e5d<\/strong><\/em><br \/>\nAtt sk\u00f6ta om en teplanta i v\u00e5rt svenska klimat \u00e4r inte det l\u00e4ttaste. Verdure hj\u00e4lper dig med en hel del bra <a title=\"Sk\u00f6tselr\u00e5d fr\u00e5n Verdure\" href=\"http:\/\/www.verdure.se\/odlings-tips\/\">odlingstips och sk\u00f6tselr\u00e5d<\/a> f\u00f6r att din teplanta ska m\u00e5 s\u00e5 bra som m\u00f6jligt.<\/p>\n<p><em><strong>Vi odlar tillsammans!<\/strong><\/em><br \/>\nVi \u00e4r j\u00e4ttenyfikna p\u00e5 hur din planta m\u00e5r hemma hos dig. Dela g\u00e4rna med dig av din egen teplanta p\u00e5 hashtaggen #tegotland p\u00e5 <a title=\"Kr\u00e4nku p\u00e5 Twitter\" href=\"https:\/\/twitter.com\/kraenku\">Twitter<\/a>, <a title=\"Kr\u00e4nku p\u00e5 Instagram\" href=\"https:\/\/www.instagram.com\/kraenku\/\">Instagram<\/a> och <a title=\"Kr\u00e4nku p\u00e5 Facebbok\" href=\"https:\/\/www.facebook.com\/kraenku\">Facebook<\/a>. Du hittar oss d\u00e4r!<\/p>\n<p style=\"text-align: center;\">H\u00e4r ser du foton p\u00e5 Instagram med hashtag <a href=\"https:\/\/www.instagram.com\/explore\/tags\/tegotland\/\"><strong>#tegotland<\/strong><\/a>:<\/p>\n<p><img loading=\"lazy\" decoding=\"async\" class=\"aligncenter wp-image-2845\" src=\"http:\/\/www.kraenku.se\/test\/wp-content\/uploads\/Teplanta-Kranku-Gotland.png\" alt=\"Teplanta Kr\u00e4nku Gotland\" width=\"600\" height=\"485\" srcset=\"https:\/\/www.kraenku.se\/test\/wp-content\/uploads\/Teplanta-Kranku-Gotland.png 926w, https:\/\/www.kraenku.se\/test\/wp-content\/uploads\/Teplanta-Kranku-Gotland-300x242.png 300w\" sizes=\"auto, (max-width: 600px) 100vw, 600px\" \/><\/p>\n<p><img loading=\"lazy\" decoding=\"async\" class=\"aligncenter wp-image-2844\" src=\"http:\/\/www.kraenku.se\/test\/wp-content\/uploads\/Teplanta-Krankumugg-mindre.png\" alt=\"Teplanta Kr\u00e4nkumugg\" width=\"600\" height=\"578\" srcset=\"https:\/\/www.kraenku.se\/test\/wp-content\/uploads\/Teplanta-Krankumugg-mindre.png 1000w, https:\/\/www.kraenku.se\/test\/wp-content\/uploads\/Teplanta-Krankumugg-mindre-300x289.png 300w\" sizes=\"auto, (max-width: 600px) 100vw, 600px\" \/><\/p>\n","protected":false},"excerpt":{"rendered":"<p>Drycken te har avnjutits av m\u00e4nniskan\u00a0i \u00e5rhundraden och redan p\u00e5 1700-talet f\u00f6rs\u00f6kte sig Carl von Linn\u00e9 p\u00e5 att odla te i Sverige. Nu \u00e4r det v\u00e5r tur! Kr\u00e4nku Te &amp; Kaffe har tillsammans med agronomen Mikael och f\u00f6retaget Verdure startat upp projektet Camellia Sinensis Gotland, d\u00e4r hundratals teplantor planterades i Eskelhem p\u00e5 Gotland.\u00a0V\u00e5r och sommar&#8230;&nbsp;<a href=\"https:\/\/www.kraenku.se\/test\/teplanta\/\" >L\u00e4s mer \u00bb<\/a><\/p>\n","protected":false},"author":2,"featured_media":3477,"parent":0,"menu_order":28,"comment_status":"closed","ping_status":"closed","template":"","meta":{"_acf_changed":false,"_genesis_hide_title":false,"_genesis_hide_breadcrumbs":false,"_genesis_hide_singular_image":false,"_genesis_hide_footer_widgets":false,"_genesis_custom_body_class":"","_genesis_custom_post_class":"","_genesis_layout":"","footnotes":""},"class_list":{"0":"post-2834","1":"page","2":"type-page","3":"status-publish","4":"has-post-thumbnail","6":"entry"},"acf":[],"_links":{"self":[{"href":"https:\/\/www.kraenku.se\/test\/wp-json\/wp\/v2\/pages\/2834","targetHints":{"allow":["GET"]}}],"collection":[{"href":"https:\/\/www.kraenku.se\/test\/wp-json\/wp\/v2\/pages"}],"about":[{"href":"https:\/\/www.kraenku.se\/test\/wp-json\/wp\/v2\/types\/page"}],"author":[{"embeddable":true,"href":"https:\/\/www.kraenku.se\/test\/wp-json\/wp\/v2\/users\/2"}],"replies":[{"embeddable":true,"href":"https:\/\/www.kraenku.se\/test\/wp-json\/wp\/v2\/comments?post=2834"}],"version-history":[{"count":23,"href":"https:\/\/www.kraenku.se\/test\/wp-json\/wp\/v2\/pages\/2834\/revisions"}],"predecessor-version":[{"id":5179,"href":"https:\/\/www.kraenku.se\/test\/wp-json\/wp\/v2\/pages\/2834\/revisions\/5179"}],"wp:featuredmedia":[{"embeddable":true,"href":"https:\/\/www.kraenku.se\/test\/wp-json\/wp\/v2\/media\/3477"}],"wp:attachment":[{"href":"https:\/\/www.kraenku.se\/test\/wp-json\/wp\/v2\/media?parent=2834"}],"curies":[{"name":"wp","href":"https:\/\/api.w.org\/{rel}","templated":true}]}}