{"id":2736,"date":"2015-12-05T20:17:33","date_gmt":"2015-12-05T19:17:33","guid":{"rendered":"http:\/\/www.kraenku.se\/test\/?page_id=2736"},"modified":"2024-12-25T11:30:15","modified_gmt":"2024-12-25T10:30:15","slug":"tekalender","status":"publish","type":"page","link":"https:\/\/www.kraenku.se\/test\/tekalender\/","title":{"rendered":"Kr\u00e4nkus Tekalender"},"content":{"rendered":"<div class=\"wp-block-image\">\n<figure class=\"aligncenter size-full\"><img loading=\"lazy\" decoding=\"async\" width=\"1290\" height=\"1290\" src=\"https:\/\/www.kraenku.se\/test\/wp-content\/uploads\/IMG_4333.jpeg\" alt=\"\" class=\"wp-image-5425\" srcset=\"https:\/\/www.kraenku.se\/test\/wp-content\/uploads\/IMG_4333.jpeg 1290w, https:\/\/www.kraenku.se\/test\/wp-content\/uploads\/IMG_4333-300x300.jpeg 300w, https:\/\/www.kraenku.se\/test\/wp-content\/uploads\/IMG_4333-1024x1024.jpeg 1024w, https:\/\/www.kraenku.se\/test\/wp-content\/uploads\/IMG_4333-150x150.jpeg 150w, https:\/\/www.kraenku.se\/test\/wp-content\/uploads\/IMG_4333-768x768.jpeg 768w\" sizes=\"auto, (max-width: 1290px) 100vw, 1290px\" \/><figcaption class=\"wp-element-caption\"><em>Tekalender 2024 \u00e4r saffransgul med utvalda element i guldfolie<\/em>.<\/figcaption><\/figure><\/div>\n\n\n<p><a href=\"https:\/\/www.kraenku.se\/test\/tekalender\/betyg\/\">L\u00e4mna in dina betyg h\u00e4r.<\/a> S\u00e5 har du chans att vinna v\u00e5r produkt <a href=\"https:\/\/www.kraenku.se\/test\/shop\/hundra-koppar-te.html\">100 koppar te.<\/a><\/p>\n\n\n\n<p>Sedan 2013 g\u00f6r vi v\u00e5r egen Tekalender &#8211; med 24 st sm\u00e5 p\u00e5sar l\u00f6ste med v\u00e5ra <a title=\"V\u00e5ra egna teblandningar\" href=\"http:\/\/www.kraenku.se\/test\/te\/egnablandningar\/\">egna teblandningar<\/a>. Tanken \u00e4r att dricka nr 1 den f\u00f6rsta december och sen njuta varje dag fram till jul. En perfekt chans f\u00f6r te\u00e4lskare att testa 24 av v\u00e5ra egna teblandningar i samma f\u00f6rpackning.<\/p>\n\n\n\n<p><em>Varje p\u00e5se \u00e4r packad med en av v\u00e5ra egna teblandningar och inneh\u00e5ller 5 gram l\u00f6ste som r\u00e4cker till tv\u00e5 koppar te eller en liten tekanna. Den vackra pappasken inneh\u00e5ller ocks\u00e5 ett <strong><a href=\"https:\/\/www.kraenku.se\/test\/tekalender\/folder\/\">h\u00e4fte<\/a><\/strong> med information om alla teerna.<\/em><\/p>\n\n\n\n<p>Skriv upp dig p\u00e5 e-postlistan nedan s\u00e5 f\u00e5r du ett nytt mail innan Tekalender 2025 b\u00f6rjar att s\u00e4ljas den 23:e oktober kl 10.<br><\/p>\n\n\n\n<div id=\"mc_embed_signup\"><form id=\"mc-embedded-subscribe-form\" class=\"validate\" action=\"https:\/\/kraenku.us3.list-manage.com\/subscribe\/post?u=a85ad5992647ca133835547c1&amp;id=e871de1962\" method=\"post\" name=\"mc-embedded-subscribe-form\" novalidate=\"\" target=\"_blank\">\n<div id=\"mc_embed_signup_scroll\">\n<h4>Anm\u00e4l dig f\u00f6r en p\u00e5minnelse innan s\u00e4ljstarten av Kr\u00e4nkus Tekalender 2024 h\u00e4r:<\/h4>\n<div class=\"mc-field-group\"><label for=\"mce-EMAIL\">E-post: <span class=\"asterisk\">*<\/span><\/label><br><input id=\"mce-EMAIL\" class=\"required email\" name=\"EMAIL\" type=\"email\" value=\"\"><\/div>\n<div class=\"mc-field-group\"><label for=\"mce-FNAME\">F\u00f6rnamn: <\/label><br><input id=\"mce-FNAME\" class=\"\" name=\"FNAME\" type=\"text\" value=\"\"><\/div>\n<div class=\"mc-field-group\"><label for=\"mce-LNAME\">Efternamn: <\/label><br><input id=\"mce-LNAME\" class=\"\" name=\"LNAME\" type=\"text\" value=\"\"><\/div>\n<div class=\"mc-field-group\"><span class=\"asterisk\">*obligatorisk uppgift<\/span><\/div>\n<p><!-- real people should not fill this in and expect good things - do not remove this or risk form bot signups--><\/p>\n<div style=\"position: absolute; left: -5000px;\"><input tabindex=\"-1\" name=\"b_a85ad5992647ca133835547c1_e871de1962\" type=\"text\" value=\"\"><\/div>\n<div class=\"clear\"><input id=\"mc-embedded-subscribe\" class=\"button\" name=\"subscribe\" type=\"submit\" value=\"Prenumerera\"><\/div>\n<\/div>\n<\/form><\/div>\n\n\n\n<p>Tagga din testund p\u00e5 Instagram och njut med alla andra: #<a href=\"https:\/\/www.instagram.com\/explore\/tags\/kr%C3%A4nkutekalender\/\">kr\u00e4nkutekalender<\/a>.<\/p>\n\n\n\n<figure class=\"wp-block-image size-full\"><a href=\"https:\/\/www.instagram.com\/explore\/tags\/kr%C3%A4nkutekalender\/\"><img loading=\"lazy\" decoding=\"async\" width=\"800\" height=\"801\" src=\"https:\/\/www.kraenku.se\/test\/wp-content\/uploads\/Hashtag-kra\u0308nkutekalender-2023.png\" alt=\"\" class=\"wp-image-5189\" srcset=\"https:\/\/www.kraenku.se\/test\/wp-content\/uploads\/Hashtag-kra\u0308nkutekalender-2023.png 800w, https:\/\/www.kraenku.se\/test\/wp-content\/uploads\/Hashtag-kra\u0308nkutekalender-2023-300x300.png 300w, https:\/\/www.kraenku.se\/test\/wp-content\/uploads\/Hashtag-kra\u0308nkutekalender-2023-150x150.png 150w, https:\/\/www.kraenku.se\/test\/wp-content\/uploads\/Hashtag-kra\u0308nkutekalender-2023-768x769.png 768w\" sizes=\"auto, (max-width: 800px) 100vw, 800px\" \/><\/a><\/figure>\n","protected":false},"excerpt":{"rendered":"<p>L\u00e4mna in dina betyg h\u00e4r. S\u00e5 har du chans att vinna v\u00e5r produkt 100 koppar te. Sedan 2013 g\u00f6r vi v\u00e5r egen Tekalender &#8211; med 24 st sm\u00e5 p\u00e5sar l\u00f6ste med v\u00e5ra egna teblandningar. Tanken \u00e4r att dricka nr 1 den f\u00f6rsta december och sen njuta varje dag fram till jul. En perfekt chans f\u00f6r&#8230;&nbsp;<a href=\"https:\/\/www.kraenku.se\/test\/tekalender\/\" >L\u00e4s mer \u00bb<\/a><\/p>\n","protected":false},"author":2,"featured_media":5425,"parent":0,"menu_order":29,"comment_status":"closed","ping_status":"closed","template":"","meta":{"_acf_changed":false,"_genesis_hide_title":false,"_genesis_hide_breadcrumbs":false,"_genesis_hide_singular_image":false,"_genesis_hide_footer_widgets":false,"_genesis_custom_body_class":"","_genesis_custom_post_class":"","_genesis_layout":"","footnotes":""},"class_list":{"0":"post-2736","1":"page","2":"type-page","3":"status-publish","4":"has-post-thumbnail","6":"entry"},"acf":[],"_links":{"self":[{"href":"https:\/\/www.kraenku.se\/test\/wp-json\/wp\/v2\/pages\/2736","targetHints":{"allow":["GET"]}}],"collection":[{"href":"https:\/\/www.kraenku.se\/test\/wp-json\/wp\/v2\/pages"}],"about":[{"href":"https:\/\/www.kraenku.se\/test\/wp-json\/wp\/v2\/types\/page"}],"author":[{"embeddable":true,"href":"https:\/\/www.kraenku.se\/test\/wp-json\/wp\/v2\/users\/2"}],"replies":[{"embeddable":true,"href":"https:\/\/www.kraenku.se\/test\/wp-json\/wp\/v2\/comments?post=2736"}],"version-history":[{"count":80,"href":"https:\/\/www.kraenku.se\/test\/wp-json\/wp\/v2\/pages\/2736\/revisions"}],"predecessor-version":[{"id":5528,"href":"https:\/\/www.kraenku.se\/test\/wp-json\/wp\/v2\/pages\/2736\/revisions\/5528"}],"wp:featuredmedia":[{"embeddable":true,"href":"https:\/\/www.kraenku.se\/test\/wp-json\/wp\/v2\/media\/5425"}],"wp:attachment":[{"href":"https:\/\/www.kraenku.se\/test\/wp-json\/wp\/v2\/media?parent=2736"}],"curies":[{"name":"wp","href":"https:\/\/api.w.org\/{rel}","templated":true}]}}