{"id":21,"date":"2011-07-22T15:55:57","date_gmt":"2011-07-22T13:55:57","guid":{"rendered":"http:\/\/www.kraenku.se\/test\/?page_id=21"},"modified":"2024-07-30T17:43:16","modified_gmt":"2024-07-30T16:43:16","slug":"butiken","status":"publish","type":"page","link":"https:\/\/www.kraenku.se\/test\/butiken\/","title":{"rendered":"Butiken"},"content":{"rendered":"<p style=\"text-align: center;\"><a href=\"http:\/\/www.kraenku.se\/test\/wp-content\/uploads\/2011\/07\/Krankuhuset.png\"><img loading=\"lazy\" decoding=\"async\" class=\"aligncenter wp-image-810\" title=\"Butiken i Visby\" src=\"http:\/\/www.kraenku.se\/test\/wp-content\/uploads\/2011\/07\/Krankuhuset.png\" alt=\"Butiken i Visby\" width=\"497\" height=\"324\" srcset=\"https:\/\/www.kraenku.se\/test\/wp-content\/uploads\/2011\/07\/Krankuhuset.png 920w, https:\/\/www.kraenku.se\/test\/wp-content\/uploads\/2011\/07\/Krankuhuset-300x195.png 300w, https:\/\/www.kraenku.se\/test\/wp-content\/uploads\/2011\/07\/Krankuhuset-460x300.png 460w\" sizes=\"auto, (max-width: 497px) 100vw, 497px\" \/><\/a><\/p>\n<p>Du hittar v\u00e5r butik p\u00e5 S:t Hansplan i Visby. Det gula huset str\u00e4cker sig upp i H\u00e4stbacken och blir till ett stort packhus som v\u00e4nder in p\u00e5 S:t Pers gr\u00e4nd. P\u00e5 den nuvarande adressen har vi varit placerade sedan 1999, och innan dess l\u00e5g vi 60 m l\u00e4ngre bort i samma kvarter. \u00c4nda sedan starten 1977 har vi funnits i S:t Hanskvarteren, mitt i <a href=\"http:\/\/www.visbycentrum.se\/\">Visby innerstad<\/a>. Du hittar oss p\u00e5 Google maps l\u00e4ngst ned p\u00e5 sidan.<\/p>\n<!-- wp:paragraph {\"align\":\"center\"} -->\n<p class=\"has-text-align-center\"><strong>\u00d6PPETTIDER P\u00c5SKEN 2025<\/strong><br>Sk\u00e4rtorsdag <strong>10-18<\/strong> <br> L\u00e5ngfredag<strong> ST\u00c4NGT<\/strong> <br> P\u00e5skafton <strong>10-16<\/strong><br>P\u00e5skdagen <strong>11-15<\/strong><br>Annandag p\u00e5sk <strong>11-15<\/strong><\/p>\n<!-- \/wp:paragraph -->\n\n<!-- wp:paragraph {\"align\":\"center\"} -->\n<p class=\"has-text-align-center\"><strong>ORDINARIE \u00d6PPETTIDER<\/strong><br>M\u00e5ndag - fredag <strong>10-18<\/strong> <br> L\u00f6rdag <strong>10-16<\/strong> <br> S\u00f6ndag <strong>11-15<\/strong><\/p>\n<!-- \/wp:paragraph -->\n<h3 style=\"text-align: center;\">V\u00e4lkommen till v\u00e5r butik<\/h3>\n<p><a href=\"http:\/\/www.kraenku.se\/test\/wp-content\/uploads\/Butiken.png\"><img loading=\"lazy\" decoding=\"async\" class=\"aligncenter wp-image-1450\" title=\"Butiken - julen 2012\" src=\"http:\/\/www.kraenku.se\/test\/wp-content\/uploads\/Butiken-1024x233.png\" alt=\"Butiken - julen 2012\" width=\"491\" height=\"112\" srcset=\"https:\/\/www.kraenku.se\/test\/wp-content\/uploads\/Butiken-1024x233.png 1024w, https:\/\/www.kraenku.se\/test\/wp-content\/uploads\/Butiken-300x68.png 300w, https:\/\/www.kraenku.se\/test\/wp-content\/uploads\/Butiken.png 2000w\" sizes=\"auto, (max-width: 491px) 100vw, 491px\" \/><\/a><\/p>\n<p style=\"text-align: center;\">Butiken i Visby, julen 2012 &#8211; klicka f\u00f6r st\u00f6rre bild<\/p>\n<p>F\u00f6rutom v\u00e5ra underbara teer s\u00e5 bjuder butiken i Visby p\u00e5 ett stort urval av kaffe, porslin, godis, delikatesser fr\u00e5n Gotland och hela v\u00e4rlden, en stor chokladhylla, burkar i alla former och f\u00e4rger och v\u00e4ldigt mycket mer. P\u00e5 v\u00e5r <a title=\"Kr\u00e4nku p\u00e5 Pinterest\" href=\"http:\/\/pinterest.com\/kraenku\/our-shop-in-visby\/\">Pinterest-sida<\/a> har vi samlat lite fler bilder fr\u00e5n\/p\u00e5 butiken i Visby.<\/p>\n<h3 style=\"text-align: center;\">Tetorget<\/h3>\n<p>V\u00e5ren 2012 flyttade vi alla v\u00e5ra f\u00e4rdigpackade teer till sin nya plats vid det stora f\u00f6nstret \u00e5t S:t Hansplan. Vi packar dagligen v\u00e5ra blandningar och fyller ut i hyllan f\u00f6r att det ska g\u00e5 snabbt och enkelt f\u00f6r v\u00e5ra kunder att hitta det de s\u00f6ker. H\u00e4r finns ocks\u00e5 ett eget bord med doftprov och vi packar numer upp en rad andra specialteer som vi tycker f\u00f6rtj\u00e4nar lite mer exponering. H\u00e4r hittar du ocks\u00e5 alla m\u00f6jliga tetillbeh\u00f6r, t ex tesilar i alla dess former och funktioner.<\/p>\n<p style=\"text-align: center;\"><a href=\"http:\/\/www.kraenku.se\/test\/wp-content\/uploads\/Tehyllan.png\"><img loading=\"lazy\" decoding=\"async\" class=\"aligncenter wp-image-1451\" title=\"Tehyllan\" src=\"http:\/\/www.kraenku.se\/test\/wp-content\/uploads\/Tehyllan-1024x238.png\" alt=\"Tehyllan\" width=\"491\" height=\"114\" srcset=\"https:\/\/www.kraenku.se\/test\/wp-content\/uploads\/Tehyllan-1024x238.png 1024w, https:\/\/www.kraenku.se\/test\/wp-content\/uploads\/Tehyllan-300x69.png 300w, https:\/\/www.kraenku.se\/test\/wp-content\/uploads\/Tehyllan.png 2000w\" sizes=\"auto, (max-width: 491px) 100vw, 491px\" \/><\/a><\/p>\n<p style=\"text-align: center;\">Tehyllan &#8211; klicka f\u00f6r st\u00f6rre bild<\/p>\n<h3 style=\"text-align: center;\">Porslinsavdelningen<\/h3>\n<p>Vi har samlat p\u00e5 oss det mesta som h\u00f6r testunden till och p\u00e5 v\u00e5r porslinsavdelning hittar du muggar, tallrikar, koppar, kannor, termosar och mycket mycket mer.<\/p>\n<p style=\"text-align: center;\"><a href=\"http:\/\/www.kraenku.se\/test\/wp-content\/uploads\/Porslinsavdelning.png\"><img loading=\"lazy\" decoding=\"async\" class=\"aligncenter wp-image-1452\" title=\"Porslinsavdelningen\" src=\"http:\/\/www.kraenku.se\/test\/wp-content\/uploads\/Porslinsavdelning-1024x228.png\" alt=\"Porslinsavdelningen\" width=\"491\" height=\"110\" srcset=\"https:\/\/www.kraenku.se\/test\/wp-content\/uploads\/Porslinsavdelning-1024x228.png 1024w, https:\/\/www.kraenku.se\/test\/wp-content\/uploads\/Porslinsavdelning-300x67.png 300w, https:\/\/www.kraenku.se\/test\/wp-content\/uploads\/Porslinsavdelning.png 2000w\" sizes=\"auto, (max-width: 491px) 100vw, 491px\" \/><\/a><\/p>\n<p style=\"text-align: center;\">Porslinsavdelningen &#8211; klicka f\u00f6r st\u00f6rre bild<\/p>\n<p><iframe loading=\"lazy\" src=\"http:\/\/maps.google.se\/maps?f=q&amp;source=s_q&amp;hl=sv&amp;geocode=&amp;q=Kr%C3%A4nku+Te+%26+Kaffe,+S:t+Hansplan,+Gotland&amp;aq=0&amp;sll=61.606396,21.225586&amp;sspn=23.084135,78.75&amp;vpsrc=0&amp;t=v&amp;ie=UTF8&amp;hq=Kr%C3%A4nku+Te+%26+Kaffe,&amp;hnear=S:t+Hansplan,+Visby,+Gotland,+Gotlands+L%C3%A4n&amp;ll=57.638503,18.293366&amp;spn=0.006295,0.006295&amp;output=embed\" width=\"425\" height=\"350\" frameborder=\"0\" marginwidth=\"0\" marginheight=\"0\" scrolling=\"no\"><\/iframe><br \/>\n<small><a style=\"color: #0000ff; text-align: left;\" href=\"http:\/\/maps.google.se\/maps?f=q&amp;source=embed&amp;hl=sv&amp;geocode=&amp;q=Kr%C3%A4nku+Te+%26+Kaffe,+S:t+Hansplan,+Gotland&amp;aq=0&amp;sll=61.606396,21.225586&amp;sspn=23.084135,78.75&amp;vpsrc=0&amp;t=v&amp;ie=UTF8&amp;hq=Kr%C3%A4nku+Te+%26+Kaffe,&amp;hnear=S:t+Hansplan,+Visby,+Gotland,+Gotlands+L%C3%A4n&amp;ll=57.638503,18.293366&amp;spn=0.006295,0.006295\">Visa st\u00f6rre karta<\/a><\/small><\/p>\n","protected":false},"excerpt":{"rendered":"<p>Du hittar v\u00e5r butik p\u00e5 S:t Hansplan i Visby. Det gula huset str\u00e4cker sig upp i H\u00e4stbacken och blir till ett stort packhus som v\u00e4nder in p\u00e5 S:t Pers gr\u00e4nd. P\u00e5 den nuvarande adressen har vi varit placerade sedan 1999, och innan dess l\u00e5g vi 60 m l\u00e4ngre bort i samma kvarter. \u00c4nda sedan starten&#8230;&nbsp;<a href=\"https:\/\/www.kraenku.se\/test\/butiken\/\" >L\u00e4s mer \u00bb<\/a><\/p>\n","protected":false},"author":1,"featured_media":810,"parent":0,"menu_order":63,"comment_status":"open","ping_status":"closed","template":"","meta":{"_acf_changed":false,"_genesis_hide_title":false,"_genesis_hide_breadcrumbs":false,"_genesis_hide_singular_image":false,"_genesis_hide_footer_widgets":false,"_genesis_custom_body_class":"","_genesis_custom_post_class":"","_genesis_layout":"full-width-content","footnotes":""},"class_list":{"0":"post-21","1":"page","2":"type-page","3":"status-publish","4":"has-post-thumbnail","6":"entry"},"acf":[],"_links":{"self":[{"href":"https:\/\/www.kraenku.se\/test\/wp-json\/wp\/v2\/pages\/21","targetHints":{"allow":["GET"]}}],"collection":[{"href":"https:\/\/www.kraenku.se\/test\/wp-json\/wp\/v2\/pages"}],"about":[{"href":"https:\/\/www.kraenku.se\/test\/wp-json\/wp\/v2\/types\/page"}],"author":[{"embeddable":true,"href":"https:\/\/www.kraenku.se\/test\/wp-json\/wp\/v2\/users\/1"}],"replies":[{"embeddable":true,"href":"https:\/\/www.kraenku.se\/test\/wp-json\/wp\/v2\/comments?post=21"}],"version-history":[{"count":43,"href":"https:\/\/www.kraenku.se\/test\/wp-json\/wp\/v2\/pages\/21\/revisions"}],"predecessor-version":[{"id":5405,"href":"https:\/\/www.kraenku.se\/test\/wp-json\/wp\/v2\/pages\/21\/revisions\/5405"}],"wp:featuredmedia":[{"embeddable":true,"href":"https:\/\/www.kraenku.se\/test\/wp-json\/wp\/v2\/media\/810"}],"wp:attachment":[{"href":"https:\/\/www.kraenku.se\/test\/wp-json\/wp\/v2\/media?parent=21"}],"curies":[{"name":"wp","href":"https:\/\/api.w.org\/{rel}","templated":true}]}}