{"id":1641,"date":"2013-05-13T16:57:15","date_gmt":"2013-05-13T15:57:15","guid":{"rendered":"http:\/\/www.kraenku.se\/test\/?page_id=1641"},"modified":"2013-05-13T16:57:15","modified_gmt":"2013-05-13T15:57:15","slug":"specialteer","status":"publish","type":"page","link":"https:\/\/www.kraenku.se\/test\/specialteer\/","title":{"rendered":"Specialteer"},"content":{"rendered":"<p>Vi p\u00e5 Kr\u00e4nku letar hela tiden efter nya och intressanta tesorter fr\u00e5n hela v\u00e4rlden. H\u00e4r hittar ni bl a vitt te, oloonger och andra intressanta sorter som \u00e4r lite f\u00f6r speciella f\u00f6r att passa in under svart och gr\u00f6nt te.<\/p>\n<p><iframe loading=\"lazy\" style=\"border: 0px #FFFFFF none;\" name=\"SpecialTeer\" src=\"http:\/\/www.kraenku.se\/test\/shop\/specialteer\" frameborder=\"0\" marginwidth=\"480px\" marginheight=\"0px\" scrolling=\"yes\" width=\"480px\" height=\"1000px\"><\/iframe><\/p>\n","protected":false},"excerpt":{"rendered":"<p>Vi p\u00e5 Kr\u00e4nku letar hela tiden efter nya och intressanta tesorter fr\u00e5n hela v\u00e4rlden. H\u00e4r hittar ni bl a vitt te, oloonger och andra intressanta sorter som \u00e4r lite f\u00f6r speciella f\u00f6r att passa in under svart och gr\u00f6nt te.<\/p>\n","protected":false},"author":2,"featured_media":0,"parent":0,"menu_order":38,"comment_status":"closed","ping_status":"closed","template":"","meta":{"_acf_changed":false,"_genesis_hide_title":false,"_genesis_hide_breadcrumbs":false,"_genesis_hide_singular_image":false,"_genesis_hide_footer_widgets":false,"_genesis_custom_body_class":"","_genesis_custom_post_class":"","_genesis_layout":"","footnotes":""},"class_list":{"0":"post-1641","1":"page","2":"type-page","3":"status-publish","5":"entry"},"acf":[],"_links":{"self":[{"href":"https:\/\/www.kraenku.se\/test\/wp-json\/wp\/v2\/pages\/1641","targetHints":{"allow":["GET"]}}],"collection":[{"href":"https:\/\/www.kraenku.se\/test\/wp-json\/wp\/v2\/pages"}],"about":[{"href":"https:\/\/www.kraenku.se\/test\/wp-json\/wp\/v2\/types\/page"}],"author":[{"embeddable":true,"href":"https:\/\/www.kraenku.se\/test\/wp-json\/wp\/v2\/users\/2"}],"replies":[{"embeddable":true,"href":"https:\/\/www.kraenku.se\/test\/wp-json\/wp\/v2\/comments?post=1641"}],"version-history":[{"count":2,"href":"https:\/\/www.kraenku.se\/test\/wp-json\/wp\/v2\/pages\/1641\/revisions"}],"predecessor-version":[{"id":1644,"href":"https:\/\/www.kraenku.se\/test\/wp-json\/wp\/v2\/pages\/1641\/revisions\/1644"}],"wp:attachment":[{"href":"https:\/\/www.kraenku.se\/test\/wp-json\/wp\/v2\/media?parent=1641"}],"curies":[{"name":"wp","href":"https:\/\/api.w.org\/{rel}","templated":true}]}}